{"id":12894,"date":"2023-04-01T21:10:40","date_gmt":"2023-04-01T21:10:40","guid":{"rendered":"https:\/\/watchfaces.co\/termos-e-condicoes\/"},"modified":"2025-03-14T16:15:12","modified_gmt":"2025-03-14T16:15:12","slug":"termos-e-condicoes","status":"publish","type":"page","link":"https:\/\/watchfaces.co\/pt-br\/termos-e-condicoes\/","title":{"rendered":"Termos e Condi\u00e7\u00f5es"},"content":{"rendered":"\n<p>Ao baixar ou utilizar o aplicativo, estes termos ser\u00e3o automaticamente aplicados a voc\u00ea \u2013 portanto, certifique-se de l\u00ea-los atentamente antes de usar o aplicativo. N\u00e3o \u00e9 permitido copiar ou modificar o aplicativo, qualquer parte do aplicativo ou nossas marcas registradas de qualquer forma. N\u00e3o \u00e9 permitido tentar extrair o c\u00f3digo-fonte do aplicativo, e voc\u00ea tamb\u00e9m n\u00e3o deve tentar traduzir o aplicativo para outros idiomas ou criar vers\u00f5es derivadas. O pr\u00f3prio aplicativo e todas as marcas registradas, direitos autorais, direitos de banco de dados e outros direitos de propriedade intelectual relacionados a ele ainda pertencem \u00e0 Hyperday MB.   <\/p>\n\n<p>A Hyperday MB est\u00e1 comprometida em garantir que o aplicativo seja o mais \u00fatil e eficiente poss\u00edvel. Por esse motivo, reservamo-nos o direito de fazer altera\u00e7\u00f5es no aplicativo ou cobrar por seus servi\u00e7os, a qualquer momento e por qualquer motivo. Nunca cobraremos pelo aplicativo ou seus servi\u00e7os sem deixar claro para voc\u00ea exatamente pelo que est\u00e1 pagando.  <\/p>\n\n<p>O aplicativo Watch Faces  Widgets armazena e processa dados pessoais que voc\u00ea nos forneceu para prestar nosso Servi\u00e7o. \u00c9 sua responsabilidade manter seu telefone e o acesso ao aplicativo seguros. Portanto, recomendamos que voc\u00ea n\u00e3o fa\u00e7a jailbreak ou root em seu telefone, que \u00e9 o processo de remover restri\u00e7\u00f5es e limita\u00e7\u00f5es de software impostas pelo sistema operacional oficial do seu dispositivo. Fazer isso poderia tornar seu telefone vulner\u00e1vel a malware\/v\u00edrus\/programas maliciosos, comprometer os recursos de seguran\u00e7a do seu telefone e pode resultar no aplicativo Watch Faces  Widgets n\u00e3o funcionar corretamente ou nem funcionar.   <\/p>\n\n<p>O aplicativo utiliza servi\u00e7os de terceiros que declaram seus pr\u00f3prios Termos e Condi\u00e7\u00f5es.<\/p>\n\n<p>Links para os Termos e Condi\u00e7\u00f5es dos provedores de servi\u00e7os de terceiros utilizados pelo aplicativo:<\/p>\n\n<ul class=\"wp-block-list\">\n<li><a href=\"https:\/\/policies.google.com\/terms\" target=\"_blank\" rel=\"noreferrer noopener\">Google Play Services<\/a><\/li>\n\n\n\n<li><a href=\"https:\/\/firebase.google.com\/terms\/analytics\" target=\"_blank\" rel=\"noreferrer noopener\">Google Analytics for Firebase<\/a><\/li>\n\n\n\n<li><a href=\"https:\/\/firebase.google.com\/terms\/crashlytics\" target=\"_blank\" rel=\"noreferrer noopener\">Firebase Crashlytics<\/a><\/li>\n\n\n\n<li><a href=\"https:\/\/www.revenuecat.com\/terms\" target=\"_blank\" rel=\"noreferrer noopener\">RevenueCat<\/a><\/li>\n<\/ul>\n\n<p>Voc\u00ea deve estar ciente de que existem certas coisas pelas quais a Hyperday MB n\u00e3o se responsabilizar\u00e1. Certas fun\u00e7\u00f5es do aplicativo exigir\u00e3o que o aplicativo tenha uma conex\u00e3o ativa com a internet. A conex\u00e3o pode ser Wi-Fi ou fornecida pelo seu provedor de rede m\u00f3vel, mas a Hyperday MB n\u00e3o pode se responsabilizar pelo aplicativo n\u00e3o funcionar com plena funcionalidade se voc\u00ea n\u00e3o tiver acesso a Wi-Fi e n\u00e3o tiver nenhuma parte de sua franquia de dados restante.  <\/p>\n\n<p>Se voc\u00ea estiver usando o aplicativo fora de uma \u00e1rea com Wi-Fi, deve lembrar que os termos do acordo com seu provedor de rede m\u00f3vel ainda se aplicar\u00e3o. Como resultado, voc\u00ea pode ser cobrado por seu provedor m\u00f3vel pelo custo dos dados durante a conex\u00e3o ao acessar o aplicativo, ou outras taxas de terceiros. Ao usar o aplicativo, voc\u00ea aceita a responsabilidade por quaisquer cobran\u00e7as, incluindo taxas de roaming de dados se voc\u00ea usar o aplicativo fora de seu territ\u00f3rio (ou seja, regi\u00e3o ou pa\u00eds) sem desativar o roaming de dados. Se voc\u00ea n\u00e3o for o pagador da conta do dispositivo no qual est\u00e1 usando o aplicativo, esteja ciente de que presumimos que voc\u00ea recebeu permiss\u00e3o do pagador da conta para usar o aplicativo.   <\/p>\n\n<p>Na mesma linha, a Hyperday MB nem sempre pode assumir a responsabilidade pela forma como voc\u00ea usa o aplicativo. Voc\u00ea precisa garantir que seu dispositivo permane\u00e7a carregado \u2013 se a bateria acabar e voc\u00ea n\u00e3o puder lig\u00e1-lo para utilizar o Servi\u00e7o, a Hyperday MB n\u00e3o pode aceitar a responsabilidade. <\/p>\n\n<p>Com rela\u00e7\u00e3o \u00e0 responsabilidade da Hyperday MB pelo seu uso do aplicativo, quando voc\u00ea estiver usando o aplicativo, \u00e9 importante ter em mente que, embora nos esforcemos para garantir que ele esteja atualizado e correto o tempo todo, dependemos de terceiros para nos fornecer informa\u00e7\u00f5es para que possamos disponibiliz\u00e1-las para voc\u00ea. A Hyperday MB n\u00e3o aceita nenhuma responsabilidade por qualquer perda, direta ou indireta, que voc\u00ea experimente como resultado de confiar totalmente nesta funcionalidade do aplicativo. <\/p>\n\n<p>Ocasionalmente, poderemos atualizar o aplicativo. O aplicativo est\u00e1 atualmente dispon\u00edvel no iOS \u2013 os requisitos para o sistema (e para quaisquer sistemas adicionais aos quais decidirmos estender a disponibilidade do aplicativo) podem mudar, e ser\u00e1 necess\u00e1rio baixar as atualiza\u00e7\u00f5es se desejar continuar utilizando o aplicativo. A Hyperday MB n\u00e3o garante que sempre atualizar\u00e1 o aplicativo para que seja relevante para voc\u00ea e\/ou funcione com a vers\u00e3o do iOS instalada em seu dispositivo. No entanto, voc\u00ea se compromete a sempre aceitar as atualiza\u00e7\u00f5es do aplicativo quando oferecidas. Tamb\u00e9m podemos optar por interromper o fornecimento do aplicativo e encerrar seu uso a qualquer momento, sem fornecer aviso pr\u00e9vio de rescis\u00e3o. A menos que informemos o contr\u00e1rio, ap\u00f3s qualquer rescis\u00e3o, (a) os direitos e licen\u00e7as concedidos a voc\u00ea nestes termos ser\u00e3o encerrados; (b) voc\u00ea dever\u00e1 cessar o uso do aplicativo e (se necess\u00e1rio) exclu\u00ed-lo de seu dispositivo.       <\/p>\n\n<p><strong>Altera\u00e7\u00f5es nestes Termos e Condi\u00e7\u00f5es<\/strong><\/p>\n\n<p>Poderemos atualizar nossos Termos e Condi\u00e7\u00f5es periodicamente. Portanto, recomenda-se que revise esta p\u00e1gina regularmente para quaisquer altera\u00e7\u00f5es. Notificaremos voc\u00ea sobre quaisquer mudan\u00e7as, publicando os novos Termos e Condi\u00e7\u00f5es nesta p\u00e1gina.  <\/p>\n\n<p>Estes termos e condi\u00e7\u00f5es est\u00e3o em vigor a partir de 01\/04\/2023.<\/p>\n\n<p><strong>Entre em Contato Conosco<\/strong><\/p>\n\n<p>Caso tenha quaisquer d\u00favidas ou sugest\u00f5es sobre nossos Termos e Condi\u00e7\u00f5es, n\u00e3o hesite em nos contatar atrav\u00e9s do endere\u00e7o hello@watchfaces.co.<\/p>\n","protected":false},"excerpt":{"rendered":"<p>Ao baixar ou utilizar o aplicativo, estes termos ser\u00e3o automaticamente aplicados a voc\u00ea \u2013 portanto, certifique-se de l\u00ea-los atentamente antes de usar o aplicativo.<\/p>\n","protected":false},"author":2,"featured_media":0,"parent":0,"menu_order":0,"comment_status":"closed","ping_status":"closed","template":"","meta":{"_acf_changed":false,"footnotes":""},"class_list":["post-12894","page","type-page","status-publish","hentry","entry"],"acf":[],"yoast_head":"<!-- This site is optimized with the Yoast SEO Premium plugin v27.4 (Yoast SEO v27.4) - https:\/\/yoast.com\/product\/yoast-seo-premium-wordpress\/ -->\n<title>Termos e Condi\u00e7\u00f5es | Watch Faces for Apple Watch<\/title>\n<meta name=\"description\" content=\"Leia nossos Termos e Condi\u00e7\u00f5es para compreender as regras que regem o uso de nosso aplicativo Watch Faces Widgets, seus direitos, obriga\u00e7\u00f5es e limita\u00e7\u00f5es como usu\u00e1rio.\" \/>\n<meta name=\"robots\" content=\"noindex, nofollow\" \/>\n<meta property=\"og:locale\" content=\"pt_BR\" \/>\n<meta property=\"og:type\" content=\"article\" \/>\n<meta property=\"og:title\" content=\"Termos e Condi\u00e7\u00f5es\" \/>\n<meta property=\"og:description\" content=\"Explore our collection of stunning Apple Watch faces. Find the perfect watch face to customize your Apple Watch style and personality.\" \/>\n<meta property=\"og:url\" content=\"https:\/\/watchfaces.co\/pt-br\/termos-e-condicoes\/\" \/>\n<meta property=\"og:site_name\" content=\"Watch Faces for Apple Watch\" \/>\n<meta property=\"article:publisher\" content=\"https:\/\/www.facebook.com\/profile.php?id=100093633757293\" \/>\n<meta property=\"article:modified_time\" content=\"2025-03-14T16:15:12+00:00\" \/>\n<meta property=\"og:image\" content=\"https:\/\/watchfaces.co\/wp-content\/uploads\/2023\/01\/apple-watch-faces-1.png\" \/>\n\t<meta property=\"og:image:width\" content=\"1200\" \/>\n\t<meta property=\"og:image:height\" content=\"675\" \/>\n\t<meta property=\"og:image:type\" content=\"image\/png\" \/>\n<meta name=\"twitter:card\" content=\"summary_large_image\" \/>\n<meta name=\"twitter:site\" content=\"@watchfacesapp\" \/>\n<meta name=\"twitter:label1\" content=\"Est. tempo de leitura\" \/>\n\t<meta name=\"twitter:data1\" content=\"5 minutos\" \/>\n<script type=\"application\/ld+json\" class=\"yoast-schema-graph\">{\"@context\":\"https:\\\/\\\/schema.org\",\"@graph\":[{\"@type\":\"WebPage\",\"@id\":\"https:\\\/\\\/watchfaces.co\\\/pt-br\\\/termos-e-condicoes\\\/\",\"url\":\"https:\\\/\\\/watchfaces.co\\\/pt-br\\\/termos-e-condicoes\\\/\",\"name\":\"Termos e Condi\u00e7\u00f5es | Watch Faces for Apple Watch\",\"isPartOf\":{\"@id\":\"https:\\\/\\\/watchfaces.co\\\/pt-br\\\/#website\"},\"datePublished\":\"2023-04-01T21:10:40+00:00\",\"dateModified\":\"2025-03-14T16:15:12+00:00\",\"description\":\"Leia nossos Termos e Condi\u00e7\u00f5es para compreender as regras que regem o uso de nosso aplicativo Watch Faces Widgets, seus direitos, obriga\u00e7\u00f5es e limita\u00e7\u00f5es como usu\u00e1rio.\",\"breadcrumb\":{\"@id\":\"https:\\\/\\\/watchfaces.co\\\/pt-br\\\/termos-e-condicoes\\\/#breadcrumb\"},\"inLanguage\":\"pt-BR\",\"potentialAction\":[{\"@type\":\"ReadAction\",\"target\":[\"https:\\\/\\\/watchfaces.co\\\/pt-br\\\/termos-e-condicoes\\\/\"]}]},{\"@type\":\"BreadcrumbList\",\"@id\":\"https:\\\/\\\/watchfaces.co\\\/pt-br\\\/termos-e-condicoes\\\/#breadcrumb\",\"itemListElement\":[{\"@type\":\"ListItem\",\"position\":1,\"name\":\"Home\",\"item\":\"https:\\\/\\\/watchfaces.co\\\/pt-br\\\/pagina-inicial\\\/\"},{\"@type\":\"ListItem\",\"position\":2,\"name\":\"Termos e Condi\u00e7\u00f5es\"}]},{\"@type\":\"WebSite\",\"@id\":\"https:\\\/\\\/watchfaces.co\\\/pt-br\\\/#website\",\"url\":\"https:\\\/\\\/watchfaces.co\\\/pt-br\\\/\",\"name\":\"Apple Watch Faces\u231a\ufe0f\",\"description\":\"Designed for You \ud83d\udd25\",\"publisher\":{\"@id\":\"https:\\\/\\\/watchfaces.co\\\/pt-br\\\/#organization\"},\"alternateName\":\"Watchfaces.co\",\"potentialAction\":[{\"@type\":\"SearchAction\",\"target\":{\"@type\":\"EntryPoint\",\"urlTemplate\":\"https:\\\/\\\/watchfaces.co\\\/pt-br\\\/?s={search_term_string}\"},\"query-input\":{\"@type\":\"PropertyValueSpecification\",\"valueRequired\":true,\"valueName\":\"search_term_string\"}}],\"inLanguage\":\"pt-BR\"},{\"@type\":\"Organization\",\"@id\":\"https:\\\/\\\/watchfaces.co\\\/pt-br\\\/#organization\",\"name\":\"Watch Faces\",\"alternateName\":\"Watchfaces.co\",\"url\":\"https:\\\/\\\/watchfaces.co\\\/pt-br\\\/\",\"logo\":{\"@type\":\"ImageObject\",\"inLanguage\":\"pt-BR\",\"@id\":\"https:\\\/\\\/watchfaces.co\\\/pt-br\\\/#\\\/schema\\\/logo\\\/image\\\/\",\"url\":\"https:\\\/\\\/watchfaces.co\\\/wp-content\\\/uploads\\\/2023\\\/01\\\/logo.png\",\"contentUrl\":\"https:\\\/\\\/watchfaces.co\\\/wp-content\\\/uploads\\\/2023\\\/01\\\/logo.png\",\"width\":380,\"height\":76,\"caption\":\"Watch Faces\"},\"image\":{\"@id\":\"https:\\\/\\\/watchfaces.co\\\/pt-br\\\/#\\\/schema\\\/logo\\\/image\\\/\"},\"sameAs\":[\"https:\\\/\\\/www.facebook.com\\\/profile.php?id=100093633757293\",\"https:\\\/\\\/x.com\\\/watchfacesapp\",\"https:\\\/\\\/apps.apple.com\\\/us\\\/app\\\/watch-faces-widgets\\\/id1617064080\"],\"contactPoint\":{\"@type\":\"ContactPoint\",\"contactType\":\"customer support\",\"url\":\"https:\\\/\\\/watchfaces.co\\\/contact\\\/\",\"availableLanguage\":\"English\"},\"description\":\"Watch Faces is the ultimate app for Apple Watch faces, offering a wide selection of customizable and exclusive designs. Easily preview and install watch faces to match your style, including live and dynamic options. Designed for all Apple Watch models, the app lets you personalize your watch with stunning faces and unique complications, enhancing your Apple Watch experience.\"}]}<\/script>\n<!-- \/ Yoast SEO Premium plugin. -->","yoast_head_json":{"title":"Termos e Condi\u00e7\u00f5es | Watch Faces for Apple Watch","description":"Leia nossos Termos e Condi\u00e7\u00f5es para compreender as regras que regem o uso de nosso aplicativo Watch Faces Widgets, seus direitos, obriga\u00e7\u00f5es e limita\u00e7\u00f5es como usu\u00e1rio.","robots":{"index":"noindex","follow":"nofollow"},"og_locale":"pt_BR","og_type":"article","og_title":"Termos e Condi\u00e7\u00f5es","og_description":"Explore our collection of stunning Apple Watch faces. Find the perfect watch face to customize your Apple Watch style and personality.","og_url":"https:\/\/watchfaces.co\/pt-br\/termos-e-condicoes\/","og_site_name":"Watch Faces for Apple Watch","article_publisher":"https:\/\/www.facebook.com\/profile.php?id=100093633757293","article_modified_time":"2025-03-14T16:15:12+00:00","og_image":[{"width":1200,"height":675,"url":"https:\/\/watchfaces.co\/wp-content\/uploads\/2023\/01\/apple-watch-faces-1.png","type":"image\/png"}],"twitter_card":"summary_large_image","twitter_site":"@watchfacesapp","twitter_misc":{"Est. tempo de leitura":"5 minutos"},"schema":{"@context":"https:\/\/schema.org","@graph":[{"@type":"WebPage","@id":"https:\/\/watchfaces.co\/pt-br\/termos-e-condicoes\/","url":"https:\/\/watchfaces.co\/pt-br\/termos-e-condicoes\/","name":"Termos e Condi\u00e7\u00f5es | Watch Faces for Apple Watch","isPartOf":{"@id":"https:\/\/watchfaces.co\/pt-br\/#website"},"datePublished":"2023-04-01T21:10:40+00:00","dateModified":"2025-03-14T16:15:12+00:00","description":"Leia nossos Termos e Condi\u00e7\u00f5es para compreender as regras que regem o uso de nosso aplicativo Watch Faces Widgets, seus direitos, obriga\u00e7\u00f5es e limita\u00e7\u00f5es como usu\u00e1rio.","breadcrumb":{"@id":"https:\/\/watchfaces.co\/pt-br\/termos-e-condicoes\/#breadcrumb"},"inLanguage":"pt-BR","potentialAction":[{"@type":"ReadAction","target":["https:\/\/watchfaces.co\/pt-br\/termos-e-condicoes\/"]}]},{"@type":"BreadcrumbList","@id":"https:\/\/watchfaces.co\/pt-br\/termos-e-condicoes\/#breadcrumb","itemListElement":[{"@type":"ListItem","position":1,"name":"Home","item":"https:\/\/watchfaces.co\/pt-br\/pagina-inicial\/"},{"@type":"ListItem","position":2,"name":"Termos e Condi\u00e7\u00f5es"}]},{"@type":"WebSite","@id":"https:\/\/watchfaces.co\/pt-br\/#website","url":"https:\/\/watchfaces.co\/pt-br\/","name":"Apple Watch Faces\u231a\ufe0f","description":"Designed for You \ud83d\udd25","publisher":{"@id":"https:\/\/watchfaces.co\/pt-br\/#organization"},"alternateName":"Watchfaces.co","potentialAction":[{"@type":"SearchAction","target":{"@type":"EntryPoint","urlTemplate":"https:\/\/watchfaces.co\/pt-br\/?s={search_term_string}"},"query-input":{"@type":"PropertyValueSpecification","valueRequired":true,"valueName":"search_term_string"}}],"inLanguage":"pt-BR"},{"@type":"Organization","@id":"https:\/\/watchfaces.co\/pt-br\/#organization","name":"Watch Faces","alternateName":"Watchfaces.co","url":"https:\/\/watchfaces.co\/pt-br\/","logo":{"@type":"ImageObject","inLanguage":"pt-BR","@id":"https:\/\/watchfaces.co\/pt-br\/#\/schema\/logo\/image\/","url":"https:\/\/watchfaces.co\/wp-content\/uploads\/2023\/01\/logo.png","contentUrl":"https:\/\/watchfaces.co\/wp-content\/uploads\/2023\/01\/logo.png","width":380,"height":76,"caption":"Watch Faces"},"image":{"@id":"https:\/\/watchfaces.co\/pt-br\/#\/schema\/logo\/image\/"},"sameAs":["https:\/\/www.facebook.com\/profile.php?id=100093633757293","https:\/\/x.com\/watchfacesapp","https:\/\/apps.apple.com\/us\/app\/watch-faces-widgets\/id1617064080"],"contactPoint":{"@type":"ContactPoint","contactType":"customer support","url":"https:\/\/watchfaces.co\/contact\/","availableLanguage":"English"},"description":"Watch Faces is the ultimate app for Apple Watch faces, offering a wide selection of customizable and exclusive designs. Easily preview and install watch faces to match your style, including live and dynamic options. Designed for all Apple Watch models, the app lets you personalize your watch with stunning faces and unique complications, enhancing your Apple Watch experience."}]}},"_links":{"self":[{"href":"https:\/\/watchfaces.co\/pt-br\/wp-json\/wp\/v2\/pages\/12894","targetHints":{"allow":["GET"]}}],"collection":[{"href":"https:\/\/watchfaces.co\/pt-br\/wp-json\/wp\/v2\/pages"}],"about":[{"href":"https:\/\/watchfaces.co\/pt-br\/wp-json\/wp\/v2\/types\/page"}],"author":[{"embeddable":true,"href":"https:\/\/watchfaces.co\/pt-br\/wp-json\/wp\/v2\/users\/2"}],"replies":[{"embeddable":true,"href":"https:\/\/watchfaces.co\/pt-br\/wp-json\/wp\/v2\/comments?post=12894"}],"version-history":[{"count":0,"href":"https:\/\/watchfaces.co\/pt-br\/wp-json\/wp\/v2\/pages\/12894\/revisions"}],"wp:attachment":[{"href":"https:\/\/watchfaces.co\/pt-br\/wp-json\/wp\/v2\/media?parent=12894"}],"curies":[{"name":"wp","href":"https:\/\/api.w.org\/{rel}","templated":true}]}}