{"id":12884,"date":"2023-04-01T21:10:40","date_gmt":"2023-04-01T21:10:40","guid":{"rendered":"https:\/\/watchfaces.co\/termini-e-condizioni\/"},"modified":"2025-03-14T16:14:51","modified_gmt":"2025-03-14T16:14:51","slug":"termini-e-condizioni","status":"publish","type":"page","link":"https:\/\/watchfaces.co\/it\/termini-e-condizioni\/","title":{"rendered":"Termini e condizioni"},"content":{"rendered":"\n<p>Scaricando o usando l&#8217;app, questi termini si applicheranno automaticamente a te &#8211; quindi assicurati di leggerli attentamente prima di usare l&#8217;app. Non puoi copiare o modificare l&#8217;app, nessuna parte dell&#8217;app, o i nostri marchi in alcun modo. Non puoi tentare di estrarre il codice sorgente dell&#8217;app, e non dovresti nemmeno provare a tradurre l&#8217;app in altre lingue o fare versioni derivate. L&#8217;app stessa, e tutti i marchi, copyright, diritti di database e altri diritti di propriet\u00e0 intellettuale ad essa relativi, appartengono ancora a Hyperday MB.   <\/p>\n\n<p>Hyperday MB si impegna a fare in modo che l&#8217;app sia il pi\u00f9 utile ed efficiente possibile. Per questo motivo, ci riserviamo il diritto di apportare modifiche all&#8217;app o di addebitare i suoi servizi, in qualsiasi momento e per qualsiasi motivo. Non ti addebiteremo mai l&#8217;app o i suoi servizi senza farti capire esattamente per cosa stai pagando.  <\/p>\n\n<p>L&#8217;app Watch Faces  Widgets memorizza ed elabora i dati personali che ci hai fornito per fornire il nostro Servizio. \u00c8 tua responsabilit\u00e0 mantenere sicuri il tuo telefono e l&#8217;accesso all&#8217;app. Pertanto, ti raccomandiamo di non fare jailbreak o root al tuo telefono, che \u00e8 il processo di rimozione delle restrizioni e limitazioni software imposte dal sistema operativo ufficiale del tuo dispositivo. Farlo potrebbe rendere il tuo telefono vulnerabile a malware\/virus\/programmi malevoli, compromettere le funzioni di sicurezza del tuo telefono, e potrebbe far s\u00ec che l&#8217;app Watch Faces  Widgets non funzioni correttamente o per niente.   <\/p>\n\n<p>L&#8217;app usa servizi di terze parti che dichiarano i loro Termini e Condizioni.<\/p>\n\n<p>Link ai Termini e Condizioni dei fornitori di servizi di terze parti usati dall&#8217;app:<\/p>\n\n<ul class=\"wp-block-list\">\n<li><a href=\"https:\/\/policies.google.com\/terms\" target=\"_blank\" rel=\"noreferrer noopener\">Google Play Services<\/a><\/li>\n\n\n\n<li><a href=\"https:\/\/firebase.google.com\/terms\/analytics\" target=\"_blank\" rel=\"noreferrer noopener\">Google Analytics for Firebase<\/a><\/li>\n\n\n\n<li><a href=\"https:\/\/firebase.google.com\/terms\/crashlytics\" target=\"_blank\" rel=\"noreferrer noopener\">Firebase Crashlytics<\/a><\/li>\n\n\n\n<li><a href=\"https:\/\/www.revenuecat.com\/terms\" target=\"_blank\" rel=\"noreferrer noopener\">RevenueCat<\/a><\/li>\n<\/ul>\n\n<p>Devi essere consapevole che ci sono alcune cose di cui Hyperday MB non si assumer\u00e0 la responsabilit\u00e0. Alcune funzioni dell&#8217;app richiederanno che l&#8217;app abbia una connessione internet attiva. La connessione pu\u00f2 essere Wi-Fi o fornita dal tuo provider di rete mobile, ma Hyperday MB non pu\u00f2 assumersi la responsabilit\u00e0 se l&#8217;app non funziona a piena funzionalit\u00e0 se non hai accesso al Wi-Fi e non hai pi\u00f9 dati disponibili.  <\/p>\n\n<p>Se stai usando l&#8217;app fuori da un&#8217;area con Wi-Fi, dovresti ricordare che i termini dell&#8217;accordo con il tuo provider di rete mobile saranno ancora validi. Di conseguenza, potresti essere addebitato dal tuo provider mobile per il costo dei dati per la durata della connessione durante l&#8217;accesso all&#8217;app, o altri costi di terze parti. Usando l&#8217;app, accetti la responsabilit\u00e0 per qualsiasi di questi costi, inclusi i costi di roaming dati se usi l&#8217;app fuori dal tuo territorio (cio\u00e8 regione o paese) senza disattivare il roaming dati. Se non sei il pagatore della bolletta per il dispositivo su cui stai usando l&#8217;app, sappi che assumiamo che tu abbia ricevuto il permesso dal pagatore della bolletta per usare l&#8217;app.   <\/p>\n\n<p>Allo stesso modo, Hyperday MB non pu\u00f2 sempre assumersi la responsabilit\u00e0 per il modo in cui usi l&#8217;app. Devi assicurarti che il tuo dispositivo rimanga carico &#8211; se si scarica e non puoi accenderlo per usufruire del Servizio, Hyperday MB non pu\u00f2 accettare la responsabilit\u00e0. <\/p>\n\n<p>Per quanto riguarda la responsabilit\u00e0 di Hyperday MB per il tuo uso dell&#8217;app, quando stai usando l&#8217;app, \u00e8 importante tenere a mente che, sebbene ci sforziamo di assicurare che sia aggiornata e corretta in ogni momento, ci affidiamo a terze parti per fornirci informazioni in modo che possiamo renderle disponibili a te. Hyperday MB non accetta alcuna responsabilit\u00e0 per qualsiasi perdita, diretta o indiretta, che tu possa subire come risultato del fare affidamento totalmente su questa funzionalit\u00e0 dell&#8217;app. <\/p>\n\n<p>Potremmo aggiornare l&#8217;app ogni tanto. L&#8217;app \u00e8 disponibile al momento su iOS &#8211; i requisiti di sistema (e per qualsiasi altro sistema su cui decidiamo di estendere la disponibilit\u00e0 dell&#8217;app) potrebbero cambiare, e dovrai scaricare gli aggiornamenti se vuoi continuare a usare l&#8217;app. Hyperday MB non promette che aggiorner\u00e0 sempre l&#8217;app in modo che sia rilevante per te e\/o funzioni con la versione di iOS che hai installato sul tuo dispositivo. Tuttavia, tu prometti di accettare sempre gli aggiornamenti dell&#8217;applicazione quando ti vengono offerti. Potremmo anche decidere di smettere di fornire l&#8217;app e terminarne l&#8217;uso in qualsiasi momento senza darti preavviso. A meno che non ti diciamo diversamente, in caso di cessazione, (a) i diritti e le licenze che ti sono stati concessi in questi termini finiranno; (b) dovrai smettere di usare l&#8217;app e (se necessario) cancellarla dal tuo dispositivo.       <\/p>\n\n<p><strong>Modifiche a questi Termini e Condizioni<\/strong><\/p>\n\n<p>Potremmo aggiornare i nostri Termini e Condizioni di tanto in tanto. Quindi, ti consigliamo di rivedere questa pagina periodicamente per eventuali cambiamenti. Ti informeremo di qualsiasi modifica pubblicando i nuovi Termini e Condizioni su questa pagina.  <\/p>\n\n<p>Questi termini e condizioni sono in vigore dal 01-04-2023.<\/p>\n\n<p><strong>Contattaci<\/strong><\/p>\n\n<p>Se hai domande o suggerimenti sui nostri Termini e Condizioni, non esitare a contattarci a hello@watchfaces.co.<\/p>\n","protected":false},"excerpt":{"rendered":"<p>Scaricando o usando l&#8217;app, questi termini si applicheranno automaticamente a te &#8211; quindi assicurati di leggerli attentamente prima di usare l&#8217;app.<\/p>\n","protected":false},"author":2,"featured_media":0,"parent":0,"menu_order":0,"comment_status":"closed","ping_status":"closed","template":"","meta":{"_acf_changed":false,"footnotes":""},"class_list":["post-12884","page","type-page","status-publish","hentry","entry"],"acf":[],"yoast_head":"<!-- This site is optimized with the Yoast SEO Premium plugin v27.4 (Yoast SEO v27.4) - https:\/\/yoast.com\/product\/yoast-seo-premium-wordpress\/ -->\n<title>Termini e condizioni | Watch Faces for Apple Watch<\/title>\n<meta name=\"description\" content=\"Dai un&#039;occhiata ai nostri Termini e Condizioni per capire le regole che governano l&#039;uso della nostra app Watch Faces Widgets, i tuoi diritti, obblighi e limitazioni come utente.\" \/>\n<meta name=\"robots\" content=\"noindex, nofollow\" \/>\n<meta property=\"og:locale\" content=\"it_IT\" \/>\n<meta property=\"og:type\" content=\"article\" \/>\n<meta property=\"og:title\" content=\"Termini e condizioni\" \/>\n<meta property=\"og:description\" content=\"Explore our collection of stunning Apple Watch faces. Find the perfect watch face to customize your Apple Watch style and personality.\" \/>\n<meta property=\"og:url\" content=\"https:\/\/watchfaces.co\/it\/termini-e-condizioni\/\" \/>\n<meta property=\"og:site_name\" content=\"Watch Faces for Apple Watch\" \/>\n<meta property=\"article:publisher\" content=\"https:\/\/www.facebook.com\/profile.php?id=100093633757293\" \/>\n<meta property=\"article:modified_time\" content=\"2025-03-14T16:14:51+00:00\" \/>\n<meta property=\"og:image\" content=\"https:\/\/watchfaces.co\/wp-content\/uploads\/2023\/01\/apple-watch-faces-1.png\" \/>\n\t<meta property=\"og:image:width\" content=\"1200\" \/>\n\t<meta property=\"og:image:height\" content=\"675\" \/>\n\t<meta property=\"og:image:type\" content=\"image\/png\" \/>\n<meta name=\"twitter:card\" content=\"summary_large_image\" \/>\n<meta name=\"twitter:site\" content=\"@watchfacesapp\" \/>\n<meta name=\"twitter:label1\" content=\"Tempo di lettura stimato\" \/>\n\t<meta name=\"twitter:data1\" content=\"4 minuti\" \/>\n<script type=\"application\/ld+json\" class=\"yoast-schema-graph\">{\"@context\":\"https:\\\/\\\/schema.org\",\"@graph\":[{\"@type\":\"WebPage\",\"@id\":\"https:\\\/\\\/watchfaces.co\\\/it\\\/termini-e-condizioni\\\/\",\"url\":\"https:\\\/\\\/watchfaces.co\\\/it\\\/termini-e-condizioni\\\/\",\"name\":\"Termini e condizioni | Watch Faces for Apple Watch\",\"isPartOf\":{\"@id\":\"https:\\\/\\\/watchfaces.co\\\/it\\\/#website\"},\"datePublished\":\"2023-04-01T21:10:40+00:00\",\"dateModified\":\"2025-03-14T16:14:51+00:00\",\"description\":\"Dai un'occhiata ai nostri Termini e Condizioni per capire le regole che governano l'uso della nostra app Watch Faces Widgets, i tuoi diritti, obblighi e limitazioni come utente.\",\"breadcrumb\":{\"@id\":\"https:\\\/\\\/watchfaces.co\\\/it\\\/termini-e-condizioni\\\/#breadcrumb\"},\"inLanguage\":\"it-IT\",\"potentialAction\":[{\"@type\":\"ReadAction\",\"target\":[\"https:\\\/\\\/watchfaces.co\\\/it\\\/termini-e-condizioni\\\/\"]}]},{\"@type\":\"BreadcrumbList\",\"@id\":\"https:\\\/\\\/watchfaces.co\\\/it\\\/termini-e-condizioni\\\/#breadcrumb\",\"itemListElement\":[{\"@type\":\"ListItem\",\"position\":1,\"name\":\"Home\",\"item\":\"https:\\\/\\\/watchfaces.co\\\/it\\\/home\\\/\"},{\"@type\":\"ListItem\",\"position\":2,\"name\":\"Termini e condizioni\"}]},{\"@type\":\"WebSite\",\"@id\":\"https:\\\/\\\/watchfaces.co\\\/it\\\/#website\",\"url\":\"https:\\\/\\\/watchfaces.co\\\/it\\\/\",\"name\":\"Apple Watch Faces\u231a\ufe0f\",\"description\":\"Designed for You \ud83d\udd25\",\"publisher\":{\"@id\":\"https:\\\/\\\/watchfaces.co\\\/it\\\/#organization\"},\"alternateName\":\"Watchfaces.co\",\"potentialAction\":[{\"@type\":\"SearchAction\",\"target\":{\"@type\":\"EntryPoint\",\"urlTemplate\":\"https:\\\/\\\/watchfaces.co\\\/it\\\/?s={search_term_string}\"},\"query-input\":{\"@type\":\"PropertyValueSpecification\",\"valueRequired\":true,\"valueName\":\"search_term_string\"}}],\"inLanguage\":\"it-IT\"},{\"@type\":\"Organization\",\"@id\":\"https:\\\/\\\/watchfaces.co\\\/it\\\/#organization\",\"name\":\"Watch Faces\",\"alternateName\":\"Watchfaces.co\",\"url\":\"https:\\\/\\\/watchfaces.co\\\/it\\\/\",\"logo\":{\"@type\":\"ImageObject\",\"inLanguage\":\"it-IT\",\"@id\":\"https:\\\/\\\/watchfaces.co\\\/it\\\/#\\\/schema\\\/logo\\\/image\\\/\",\"url\":\"https:\\\/\\\/watchfaces.co\\\/wp-content\\\/uploads\\\/2023\\\/01\\\/logo.png\",\"contentUrl\":\"https:\\\/\\\/watchfaces.co\\\/wp-content\\\/uploads\\\/2023\\\/01\\\/logo.png\",\"width\":380,\"height\":76,\"caption\":\"Watch Faces\"},\"image\":{\"@id\":\"https:\\\/\\\/watchfaces.co\\\/it\\\/#\\\/schema\\\/logo\\\/image\\\/\"},\"sameAs\":[\"https:\\\/\\\/www.facebook.com\\\/profile.php?id=100093633757293\",\"https:\\\/\\\/x.com\\\/watchfacesapp\",\"https:\\\/\\\/apps.apple.com\\\/us\\\/app\\\/watch-faces-widgets\\\/id1617064080\"],\"contactPoint\":{\"@type\":\"ContactPoint\",\"contactType\":\"customer support\",\"url\":\"https:\\\/\\\/watchfaces.co\\\/contact\\\/\",\"availableLanguage\":\"English\"},\"description\":\"Watch Faces is the ultimate app for Apple Watch faces, offering a wide selection of customizable and exclusive designs. Easily preview and install watch faces to match your style, including live and dynamic options. Designed for all Apple Watch models, the app lets you personalize your watch with stunning faces and unique complications, enhancing your Apple Watch experience.\"}]}<\/script>\n<!-- \/ Yoast SEO Premium plugin. -->","yoast_head_json":{"title":"Termini e condizioni | Watch Faces for Apple Watch","description":"Dai un'occhiata ai nostri Termini e Condizioni per capire le regole che governano l'uso della nostra app Watch Faces Widgets, i tuoi diritti, obblighi e limitazioni come utente.","robots":{"index":"noindex","follow":"nofollow"},"og_locale":"it_IT","og_type":"article","og_title":"Termini e condizioni","og_description":"Explore our collection of stunning Apple Watch faces. Find the perfect watch face to customize your Apple Watch style and personality.","og_url":"https:\/\/watchfaces.co\/it\/termini-e-condizioni\/","og_site_name":"Watch Faces for Apple Watch","article_publisher":"https:\/\/www.facebook.com\/profile.php?id=100093633757293","article_modified_time":"2025-03-14T16:14:51+00:00","og_image":[{"width":1200,"height":675,"url":"https:\/\/watchfaces.co\/wp-content\/uploads\/2023\/01\/apple-watch-faces-1.png","type":"image\/png"}],"twitter_card":"summary_large_image","twitter_site":"@watchfacesapp","twitter_misc":{"Tempo di lettura stimato":"4 minuti"},"schema":{"@context":"https:\/\/schema.org","@graph":[{"@type":"WebPage","@id":"https:\/\/watchfaces.co\/it\/termini-e-condizioni\/","url":"https:\/\/watchfaces.co\/it\/termini-e-condizioni\/","name":"Termini e condizioni | Watch Faces for Apple Watch","isPartOf":{"@id":"https:\/\/watchfaces.co\/it\/#website"},"datePublished":"2023-04-01T21:10:40+00:00","dateModified":"2025-03-14T16:14:51+00:00","description":"Dai un'occhiata ai nostri Termini e Condizioni per capire le regole che governano l'uso della nostra app Watch Faces Widgets, i tuoi diritti, obblighi e limitazioni come utente.","breadcrumb":{"@id":"https:\/\/watchfaces.co\/it\/termini-e-condizioni\/#breadcrumb"},"inLanguage":"it-IT","potentialAction":[{"@type":"ReadAction","target":["https:\/\/watchfaces.co\/it\/termini-e-condizioni\/"]}]},{"@type":"BreadcrumbList","@id":"https:\/\/watchfaces.co\/it\/termini-e-condizioni\/#breadcrumb","itemListElement":[{"@type":"ListItem","position":1,"name":"Home","item":"https:\/\/watchfaces.co\/it\/home\/"},{"@type":"ListItem","position":2,"name":"Termini e condizioni"}]},{"@type":"WebSite","@id":"https:\/\/watchfaces.co\/it\/#website","url":"https:\/\/watchfaces.co\/it\/","name":"Apple Watch Faces\u231a\ufe0f","description":"Designed for You \ud83d\udd25","publisher":{"@id":"https:\/\/watchfaces.co\/it\/#organization"},"alternateName":"Watchfaces.co","potentialAction":[{"@type":"SearchAction","target":{"@type":"EntryPoint","urlTemplate":"https:\/\/watchfaces.co\/it\/?s={search_term_string}"},"query-input":{"@type":"PropertyValueSpecification","valueRequired":true,"valueName":"search_term_string"}}],"inLanguage":"it-IT"},{"@type":"Organization","@id":"https:\/\/watchfaces.co\/it\/#organization","name":"Watch Faces","alternateName":"Watchfaces.co","url":"https:\/\/watchfaces.co\/it\/","logo":{"@type":"ImageObject","inLanguage":"it-IT","@id":"https:\/\/watchfaces.co\/it\/#\/schema\/logo\/image\/","url":"https:\/\/watchfaces.co\/wp-content\/uploads\/2023\/01\/logo.png","contentUrl":"https:\/\/watchfaces.co\/wp-content\/uploads\/2023\/01\/logo.png","width":380,"height":76,"caption":"Watch Faces"},"image":{"@id":"https:\/\/watchfaces.co\/it\/#\/schema\/logo\/image\/"},"sameAs":["https:\/\/www.facebook.com\/profile.php?id=100093633757293","https:\/\/x.com\/watchfacesapp","https:\/\/apps.apple.com\/us\/app\/watch-faces-widgets\/id1617064080"],"contactPoint":{"@type":"ContactPoint","contactType":"customer support","url":"https:\/\/watchfaces.co\/contact\/","availableLanguage":"English"},"description":"Watch Faces is the ultimate app for Apple Watch faces, offering a wide selection of customizable and exclusive designs. Easily preview and install watch faces to match your style, including live and dynamic options. Designed for all Apple Watch models, the app lets you personalize your watch with stunning faces and unique complications, enhancing your Apple Watch experience."}]}},"_links":{"self":[{"href":"https:\/\/watchfaces.co\/it\/wp-json\/wp\/v2\/pages\/12884","targetHints":{"allow":["GET"]}}],"collection":[{"href":"https:\/\/watchfaces.co\/it\/wp-json\/wp\/v2\/pages"}],"about":[{"href":"https:\/\/watchfaces.co\/it\/wp-json\/wp\/v2\/types\/page"}],"author":[{"embeddable":true,"href":"https:\/\/watchfaces.co\/it\/wp-json\/wp\/v2\/users\/2"}],"replies":[{"embeddable":true,"href":"https:\/\/watchfaces.co\/it\/wp-json\/wp\/v2\/comments?post=12884"}],"version-history":[{"count":0,"href":"https:\/\/watchfaces.co\/it\/wp-json\/wp\/v2\/pages\/12884\/revisions"}],"wp:attachment":[{"href":"https:\/\/watchfaces.co\/it\/wp-json\/wp\/v2\/media?parent=12884"}],"curies":[{"name":"wp","href":"https:\/\/api.w.org\/{rel}","templated":true}]}}