{"id":12770,"date":"2023-04-01T20:54:16","date_gmt":"2023-04-01T20:54:16","guid":{"rendered":"https:\/\/watchfaces.co\/informativa-sulla-privacy\/"},"modified":"2026-03-01T13:57:19","modified_gmt":"2026-03-01T13:57:19","slug":"informativa-sulla-privacy","status":"publish","type":"page","link":"https:\/\/watchfaces.co\/it\/informativa-sulla-privacy\/","title":{"rendered":"Informativa sulla privacy"},"content":{"rendered":"\n<p>Hyperday MB ha sviluppato l&#8217;app Watch Faces  Widgets come app Freemium. Questo SERVIZIO \u00e8 fornito gratuitamente da Hyperday MB ed \u00e8 inteso per l&#8217;uso cos\u00ec com&#8217;\u00e8. <\/p>\n\n<p>Questa pagina serve a informare i visitatori sulle nostre politiche riguardanti la raccolta, l&#8217;uso e la divulgazione delle Informazioni Personali se qualcuno decide di usare il nostro Servizio.<\/p>\n\n<p>Se decidi di usare il nostro Servizio, allora accetti la raccolta e l&#8217;uso delle informazioni in relazione a questa politica. Le Informazioni Personali che raccogliamo sono usate per fornire e migliorare il Servizio. Non useremo n\u00e9 condivideremo le tue informazioni con nessuno tranne come descritto in questa Politica sulla Privacy.  <\/p>\n\n<p>I termini usati in questa Politica sulla Privacy hanno gli stessi significati dei nostri Termini e Condizioni, accessibili su Watch Faces  Widgets a meno che non sia diversamente definito in questa Politica sulla Privacy.<\/p>\n\n<p><strong>Raccolta e Uso delle Informazioni<\/strong><\/p>\n\n<p>Per una migliore esperienza, mentre usi il nostro Servizio, potremmo chiederti di fornirci alcune informazioni personali identificabili. Le informazioni che richiediamo saranno conservate da noi e usate come descritto in questa politica sulla privacy. <\/p>\n\n<p>L&#8217;app usa servizi di terze parti che potrebbero raccogliere informazioni usate per identificarti.<\/p>\n\n<p>Link alla politica sulla privacy dei fornitori di servizi di terze parti usati dall&#8217;app<\/p>\n\n<ul class=\"wp-block-list\">\n<li><a href=\"https:\/\/www.google.com\/policies\/privacy\/\" target=\"_blank\" rel=\"noreferrer noopener\">Google Play Services<\/a><\/li>\n\n\n\n<li><a href=\"https:\/\/firebase.google.com\/policies\/analytics\" target=\"_blank\" rel=\"noreferrer noopener\">Google Analytics for Firebase<\/a><\/li>\n\n\n\n<li><a href=\"https:\/\/firebase.google.com\/support\/privacy\/\" target=\"_blank\" rel=\"noreferrer noopener\">Firebase Crashlytics<\/a><\/li>\n\n\n\n<li><a href=\"https:\/\/www.revenuecat.com\/privacy\" target=\"_blank\" rel=\"noreferrer noopener\">RevenueCat<\/a><\/li>\n<\/ul>\n\n<p><strong>Dati di Log<\/strong><\/p>\n\n<p>Vogliamo informarti che ogni volta che usi il nostro Servizio, in caso di errore nell&#8217;app, raccogliamo dati e informazioni (attraverso prodotti di terze parti) sul tuo telefono chiamati Dati di Log. Questi Dati di Log potrebbero includere informazioni come l&#8217;indirizzo \u201cIP\u201d del tuo dispositivo, il nome del dispositivo, la versione del sistema operativo, la configurazione dell&#8217;app quando utilizzi il nostro Servizio, l&#8217;ora e la data del tuo utilizzo del Servizio e altre statistiche. <\/p>\n\n<p><strong>Cookie<\/strong><\/p>\n\n<p>I cookie sono file con una piccola quantit\u00e0 di dati che sono comunemente usati come identificatori unici anonimi. Questi vengono inviati al tuo browser dai siti web che visiti e sono memorizzati nella memoria interna del tuo dispositivo. <\/p>\n\n<p>Questo Servizio non usa questi \u201ccookie\u201d esplicitamente. Tuttavia, l&#8217;app potrebbe usare codice e librerie di terze parti che usano \u201ccookie\u201d per raccogliere informazioni e migliorare i loro servizi. Hai l&#8217;opzione di accettare o rifiutare questi cookie e sapere quando un cookie viene inviato al tuo dispositivo. Se scegli di rifiutare i nostri cookie, potresti non essere in grado di usare alcune parti di questo Servizio.   <\/p>\n\n<p><strong>Fornitori di Servizi<\/strong><\/p>\n\n<p>Potremmo impiegare aziende e individui di terze parti per le seguenti ragioni:<\/p>\n\n<ul class=\"wp-block-list\">\n<li>Per facilitare il nostro Servizio;<\/li>\n\n\n\n<li>Per fornire il Servizio per nostro conto;<\/li>\n\n\n\n<li>Per eseguire servizi relativi al Servizio; o<\/li>\n\n\n\n<li>Per aiutarci ad analizzare come viene usato il nostro Servizio.<\/li>\n<\/ul>\n\n<p>Vogliamo informare gli utenti di questo Servizio che queste terze parti hanno accesso alle loro Informazioni Personali. Il motivo \u00e8 per eseguire i compiti assegnati loro per nostro conto. Tuttavia, sono obbligati a non divulgare o usare le informazioni per qualsiasi altro scopo.  <\/p>\n\n<p><strong>Sicurezza<\/strong><\/p>\n\n<p>Apprezziamo la tua fiducia nel fornirci le tue Informazioni Personali, quindi ci sforziamo di utilizzare mezzi commercialmente accettabili per proteggerle. Ma ricorda che nessun metodo di trasmissione su internet o metodo di archiviazione elettronica \u00e8 sicuro e affidabile al 100%, e non possiamo garantirne la sicurezza assoluta. <\/p>\n\n<p><strong>Link ad Altri Siti<\/strong><\/p>\n\n<p>Questo Servizio pu\u00f2 contenere link ad altri siti. Se clicchi su un link di terze parti, sarai diretto a quel sito. Nota che questi siti esterni non sono gestiti da noi. Pertanto, ti consigliamo vivamente di rivedere la Politica sulla Privacy di questi siti web. Non abbiamo alcun controllo e non ci assumiamo alcuna responsabilit\u00e0 per il contenuto, le politiche sulla privacy o le pratiche di qualsiasi sito o servizio di terze parti.    <\/p>\n\n<p><strong>Privacy dei Bambini<\/strong><\/p>\n\n<p>Questi servizi non si rivolgono a nessuno sotto i 13 anni. Non raccogliamo consapevolmente informazioni personali identificabili da bambini sotto i 13 anni. Nel caso scoprissimo che un bambino sotto i 13 anni ci ha fornito informazioni personali, le cancelliamo immediatamente dai nostri server. Se sei un genitore o un tutore e sai che tuo figlio ci ha fornito informazioni personali, contattaci cos\u00ec potremo fare le azioni necessarie.   <\/p>\n\n<p><strong>Conservazione dei Dati<\/strong><\/p>\n\n<p>Conserveremo le tue Informazioni Personali per tutto il tempo necessario a fornirti il Servizio e per gli scopi indicati in questa Informativa sulla Privacy, o fino a quando non richiederai la cancellazione delle tue Informazioni Personali.<\/p>\n\n<p><strong>Modifiche a Questa Informativa sulla Privacy<\/strong><\/p>\n\n<p>Potremmo aggiornare la nostra Informativa sulla Privacy di tanto in tanto. Quindi, ti consigliamo di rivedere questa pagina periodicamente per eventuali cambiamenti. Ti informeremo di qualsiasi modifica pubblicando la nuova Informativa sulla Privacy su questa pagina.  <\/p>\n\n<p>Questa politica \u00e8 in vigore dal 01-04-2023<\/p>\n\n<p><strong>Contattaci<\/strong><\/p>\n\n<p>Se hai domande o suggerimenti sulla nostra Informativa sulla Privacy, non esitare a contattarci a hello@watchfaces.co.<\/p>\n","protected":false},"excerpt":{"rendered":"<p>Hyperday MB ha sviluppato l&#8217;app Watch Faces Widgets come app Freemium.<\/p>\n","protected":false},"author":2,"featured_media":0,"parent":0,"menu_order":0,"comment_status":"closed","ping_status":"closed","template":"","meta":{"_acf_changed":false,"footnotes":""},"class_list":["post-12770","page","type-page","status-publish","hentry","entry"],"acf":[],"yoast_head":"<!-- This site is optimized with the Yoast SEO Premium plugin v27.3 (Yoast SEO v27.3) - https:\/\/yoast.com\/product\/yoast-seo-premium-wordpress\/ -->\n<title>Informativa sulla privacy | Watch Faces for Apple Watch<\/title>\n<meta name=\"description\" content=\"Questa pagina serve a informare i visitatori sulle nostre politiche riguardanti la raccolta, l&#039;uso e la divulgazione delle Informazioni Personali se qualcuno decide di usare il nostro Servizio.\" \/>\n<meta name=\"robots\" content=\"noindex, nofollow\" \/>\n<meta property=\"og:locale\" content=\"it_IT\" \/>\n<meta property=\"og:type\" content=\"article\" \/>\n<meta property=\"og:title\" content=\"Informativa sulla privacy\" \/>\n<meta property=\"og:description\" content=\"Explore our collection of stunning Apple Watch faces. Find the perfect watch face to customize your Apple Watch style and personality.\" \/>\n<meta property=\"og:url\" content=\"https:\/\/watchfaces.co\/it\/informativa-sulla-privacy\/\" \/>\n<meta property=\"og:site_name\" content=\"Watch Faces for Apple Watch\" \/>\n<meta property=\"article:publisher\" content=\"https:\/\/www.facebook.com\/profile.php?id=100093633757293\" \/>\n<meta property=\"article:modified_time\" content=\"2026-03-01T13:57:19+00:00\" \/>\n<meta property=\"og:image\" content=\"https:\/\/watchfaces.co\/wp-content\/uploads\/2023\/01\/apple-watch-faces-1.png\" \/>\n\t<meta property=\"og:image:width\" content=\"1200\" \/>\n\t<meta property=\"og:image:height\" content=\"675\" \/>\n\t<meta property=\"og:image:type\" content=\"image\/png\" \/>\n<meta name=\"twitter:card\" content=\"summary_large_image\" \/>\n<meta name=\"twitter:site\" content=\"@watchfacesapp\" \/>\n<meta name=\"twitter:label1\" content=\"Tempo di lettura stimato\" \/>\n\t<meta name=\"twitter:data1\" content=\"4 minuti\" \/>\n<script type=\"application\/ld+json\" class=\"yoast-schema-graph\">{\"@context\":\"https:\\\/\\\/schema.org\",\"@graph\":[{\"@type\":\"WebPage\",\"@id\":\"https:\\\/\\\/watchfaces.co\\\/it\\\/informativa-sulla-privacy\\\/\",\"url\":\"https:\\\/\\\/watchfaces.co\\\/it\\\/informativa-sulla-privacy\\\/\",\"name\":\"Informativa sulla privacy | Watch Faces for Apple Watch\",\"isPartOf\":{\"@id\":\"https:\\\/\\\/watchfaces.co\\\/it\\\/#website\"},\"datePublished\":\"2023-04-01T20:54:16+00:00\",\"dateModified\":\"2026-03-01T13:57:19+00:00\",\"description\":\"Questa pagina serve a informare i visitatori sulle nostre politiche riguardanti la raccolta, l'uso e la divulgazione delle Informazioni Personali se qualcuno decide di usare il nostro Servizio.\",\"breadcrumb\":{\"@id\":\"https:\\\/\\\/watchfaces.co\\\/it\\\/informativa-sulla-privacy\\\/#breadcrumb\"},\"inLanguage\":\"it-IT\",\"potentialAction\":[{\"@type\":\"ReadAction\",\"target\":[\"https:\\\/\\\/watchfaces.co\\\/it\\\/informativa-sulla-privacy\\\/\"]}]},{\"@type\":\"BreadcrumbList\",\"@id\":\"https:\\\/\\\/watchfaces.co\\\/it\\\/informativa-sulla-privacy\\\/#breadcrumb\",\"itemListElement\":[{\"@type\":\"ListItem\",\"position\":1,\"name\":\"Home\",\"item\":\"https:\\\/\\\/watchfaces.co\\\/it\\\/home\\\/\"},{\"@type\":\"ListItem\",\"position\":2,\"name\":\"Informativa sulla privacy\"}]},{\"@type\":\"WebSite\",\"@id\":\"https:\\\/\\\/watchfaces.co\\\/it\\\/#website\",\"url\":\"https:\\\/\\\/watchfaces.co\\\/it\\\/\",\"name\":\"Apple Watch Faces\u231a\ufe0f\",\"description\":\"Designed for You \ud83d\udd25\",\"publisher\":{\"@id\":\"https:\\\/\\\/watchfaces.co\\\/it\\\/#organization\"},\"alternateName\":\"Watchfaces.co\",\"potentialAction\":[{\"@type\":\"SearchAction\",\"target\":{\"@type\":\"EntryPoint\",\"urlTemplate\":\"https:\\\/\\\/watchfaces.co\\\/it\\\/?s={search_term_string}\"},\"query-input\":{\"@type\":\"PropertyValueSpecification\",\"valueRequired\":true,\"valueName\":\"search_term_string\"}}],\"inLanguage\":\"it-IT\"},{\"@type\":\"Organization\",\"@id\":\"https:\\\/\\\/watchfaces.co\\\/it\\\/#organization\",\"name\":\"Watch Faces\",\"alternateName\":\"Watchfaces.co\",\"url\":\"https:\\\/\\\/watchfaces.co\\\/it\\\/\",\"logo\":{\"@type\":\"ImageObject\",\"inLanguage\":\"it-IT\",\"@id\":\"https:\\\/\\\/watchfaces.co\\\/it\\\/#\\\/schema\\\/logo\\\/image\\\/\",\"url\":\"https:\\\/\\\/watchfaces.co\\\/wp-content\\\/uploads\\\/2023\\\/01\\\/logo.png\",\"contentUrl\":\"https:\\\/\\\/watchfaces.co\\\/wp-content\\\/uploads\\\/2023\\\/01\\\/logo.png\",\"width\":380,\"height\":76,\"caption\":\"Watch Faces\"},\"image\":{\"@id\":\"https:\\\/\\\/watchfaces.co\\\/it\\\/#\\\/schema\\\/logo\\\/image\\\/\"},\"sameAs\":[\"https:\\\/\\\/www.facebook.com\\\/profile.php?id=100093633757293\",\"https:\\\/\\\/x.com\\\/watchfacesapp\",\"https:\\\/\\\/apps.apple.com\\\/us\\\/app\\\/watch-faces-widgets\\\/id1617064080\"],\"contactPoint\":{\"@type\":\"ContactPoint\",\"contactType\":\"customer support\",\"url\":\"https:\\\/\\\/watchfaces.co\\\/contact\\\/\",\"availableLanguage\":\"English\"},\"description\":\"Watch Faces is the ultimate app for Apple Watch faces, offering a wide selection of customizable and exclusive designs. Easily preview and install watch faces to match your style, including live and dynamic options. Designed for all Apple Watch models, the app lets you personalize your watch with stunning faces and unique complications, enhancing your Apple Watch experience.\"}]}<\/script>\n<!-- \/ Yoast SEO Premium plugin. -->","yoast_head_json":{"title":"Informativa sulla privacy | Watch Faces for Apple Watch","description":"Questa pagina serve a informare i visitatori sulle nostre politiche riguardanti la raccolta, l'uso e la divulgazione delle Informazioni Personali se qualcuno decide di usare il nostro Servizio.","robots":{"index":"noindex","follow":"nofollow"},"og_locale":"it_IT","og_type":"article","og_title":"Informativa sulla privacy","og_description":"Explore our collection of stunning Apple Watch faces. Find the perfect watch face to customize your Apple Watch style and personality.","og_url":"https:\/\/watchfaces.co\/it\/informativa-sulla-privacy\/","og_site_name":"Watch Faces for Apple Watch","article_publisher":"https:\/\/www.facebook.com\/profile.php?id=100093633757293","article_modified_time":"2026-03-01T13:57:19+00:00","og_image":[{"width":1200,"height":675,"url":"https:\/\/watchfaces.co\/wp-content\/uploads\/2023\/01\/apple-watch-faces-1.png","type":"image\/png"}],"twitter_card":"summary_large_image","twitter_site":"@watchfacesapp","twitter_misc":{"Tempo di lettura stimato":"4 minuti"},"schema":{"@context":"https:\/\/schema.org","@graph":[{"@type":"WebPage","@id":"https:\/\/watchfaces.co\/it\/informativa-sulla-privacy\/","url":"https:\/\/watchfaces.co\/it\/informativa-sulla-privacy\/","name":"Informativa sulla privacy | Watch Faces for Apple Watch","isPartOf":{"@id":"https:\/\/watchfaces.co\/it\/#website"},"datePublished":"2023-04-01T20:54:16+00:00","dateModified":"2026-03-01T13:57:19+00:00","description":"Questa pagina serve a informare i visitatori sulle nostre politiche riguardanti la raccolta, l'uso e la divulgazione delle Informazioni Personali se qualcuno decide di usare il nostro Servizio.","breadcrumb":{"@id":"https:\/\/watchfaces.co\/it\/informativa-sulla-privacy\/#breadcrumb"},"inLanguage":"it-IT","potentialAction":[{"@type":"ReadAction","target":["https:\/\/watchfaces.co\/it\/informativa-sulla-privacy\/"]}]},{"@type":"BreadcrumbList","@id":"https:\/\/watchfaces.co\/it\/informativa-sulla-privacy\/#breadcrumb","itemListElement":[{"@type":"ListItem","position":1,"name":"Home","item":"https:\/\/watchfaces.co\/it\/home\/"},{"@type":"ListItem","position":2,"name":"Informativa sulla privacy"}]},{"@type":"WebSite","@id":"https:\/\/watchfaces.co\/it\/#website","url":"https:\/\/watchfaces.co\/it\/","name":"Apple Watch Faces\u231a\ufe0f","description":"Designed for You \ud83d\udd25","publisher":{"@id":"https:\/\/watchfaces.co\/it\/#organization"},"alternateName":"Watchfaces.co","potentialAction":[{"@type":"SearchAction","target":{"@type":"EntryPoint","urlTemplate":"https:\/\/watchfaces.co\/it\/?s={search_term_string}"},"query-input":{"@type":"PropertyValueSpecification","valueRequired":true,"valueName":"search_term_string"}}],"inLanguage":"it-IT"},{"@type":"Organization","@id":"https:\/\/watchfaces.co\/it\/#organization","name":"Watch Faces","alternateName":"Watchfaces.co","url":"https:\/\/watchfaces.co\/it\/","logo":{"@type":"ImageObject","inLanguage":"it-IT","@id":"https:\/\/watchfaces.co\/it\/#\/schema\/logo\/image\/","url":"https:\/\/watchfaces.co\/wp-content\/uploads\/2023\/01\/logo.png","contentUrl":"https:\/\/watchfaces.co\/wp-content\/uploads\/2023\/01\/logo.png","width":380,"height":76,"caption":"Watch Faces"},"image":{"@id":"https:\/\/watchfaces.co\/it\/#\/schema\/logo\/image\/"},"sameAs":["https:\/\/www.facebook.com\/profile.php?id=100093633757293","https:\/\/x.com\/watchfacesapp","https:\/\/apps.apple.com\/us\/app\/watch-faces-widgets\/id1617064080"],"contactPoint":{"@type":"ContactPoint","contactType":"customer support","url":"https:\/\/watchfaces.co\/contact\/","availableLanguage":"English"},"description":"Watch Faces is the ultimate app for Apple Watch faces, offering a wide selection of customizable and exclusive designs. Easily preview and install watch faces to match your style, including live and dynamic options. Designed for all Apple Watch models, the app lets you personalize your watch with stunning faces and unique complications, enhancing your Apple Watch experience."}]}},"_links":{"self":[{"href":"https:\/\/watchfaces.co\/it\/wp-json\/wp\/v2\/pages\/12770","targetHints":{"allow":["GET"]}}],"collection":[{"href":"https:\/\/watchfaces.co\/it\/wp-json\/wp\/v2\/pages"}],"about":[{"href":"https:\/\/watchfaces.co\/it\/wp-json\/wp\/v2\/types\/page"}],"author":[{"embeddable":true,"href":"https:\/\/watchfaces.co\/it\/wp-json\/wp\/v2\/users\/2"}],"replies":[{"embeddable":true,"href":"https:\/\/watchfaces.co\/it\/wp-json\/wp\/v2\/comments?post=12770"}],"version-history":[{"count":0,"href":"https:\/\/watchfaces.co\/it\/wp-json\/wp\/v2\/pages\/12770\/revisions"}],"wp:attachment":[{"href":"https:\/\/watchfaces.co\/it\/wp-json\/wp\/v2\/media?parent=12770"}],"curies":[{"name":"wp","href":"https:\/\/api.w.org\/{rel}","templated":true}]}}