{"id":12886,"date":"2023-04-01T21:10:40","date_gmt":"2023-04-01T21:10:40","guid":{"rendered":"https:\/\/watchfaces.co\/termes-conditions\/"},"modified":"2025-03-14T16:14:53","modified_gmt":"2025-03-14T16:14:53","slug":"termes-conditions","status":"publish","type":"page","link":"https:\/\/watchfaces.co\/fr\/termes-conditions\/","title":{"rendered":"Termes &amp; conditions"},"content":{"rendered":"\n<p>En t\u00e9l\u00e9chargeant ou en utilisant l\u2019application, ces conditions s\u2019appliqueront automatiquement \u00e0 vous \u2013 vous devez donc vous assurer de les lire attentivement avant d\u2019utiliser l\u2019application. Il vous est interdit de copier ou de modifier l\u2019application, toute partie de l\u2019application, ou nos marques d\u00e9pos\u00e9es de quelque mani\u00e8re que ce soit. Vous n\u2019\u00eates pas autoris\u00e9 \u00e0 tenter d\u2019extraire le code source de l\u2019application, et vous ne devez pas non plus essayer de traduire l\u2019application dans d\u2019autres langues ou d\u2019en faire des versions d\u00e9riv\u00e9es. L\u2019application elle-m\u00eame, ainsi que toutes les marques d\u00e9pos\u00e9es, droits d\u2019auteur, droits de base de donn\u00e9es et autres droits de propri\u00e9t\u00e9 intellectuelle qui y sont li\u00e9s, appartiennent toujours \u00e0 Hyperday MB.   <\/p>\n\n<p>Hyperday MB s\u2019engage \u00e0 faire en sorte que l\u2019application soit aussi utile et efficace que possible. Pour cette raison, nous nous r\u00e9servons le droit d\u2019apporter des modifications \u00e0 l\u2019application ou de facturer ses services, \u00e0 tout moment et pour quelque raison que ce soit. Nous ne vous facturerons jamais l\u2019application ou ses services sans vous indiquer tr\u00e8s clairement ce pour quoi vous payez.  <\/p>\n\n<p>L\u2019application Watch Faces  Widgets stocke et traite les donn\u00e9es personnelles que vous nous avez fournies afin de fournir notre Service. Il est de votre responsabilit\u00e9 de garder votre t\u00e9l\u00e9phone et l\u2019acc\u00e8s \u00e0 l\u2019application s\u00e9curis\u00e9s. Nous vous recommandons donc de ne pas jailbreaker ou rooter votre t\u00e9l\u00e9phone, ce qui est le processus de suppression des restrictions logicielles et des limitations impos\u00e9es par le syst\u00e8me d\u2019exploitation officiel de votre appareil. Cela pourrait rendre votre t\u00e9l\u00e9phone vuln\u00e9rable aux logiciels malveillants\/virus\/programmes malveillants, compromettre les fonctionnalit\u00e9s de s\u00e9curit\u00e9 de votre t\u00e9l\u00e9phone, et pourrait entra\u00eener un dysfonctionnement ou un non-fonctionnement de l\u2019application Watch Faces  Widgets.   <\/p>\n\n<p>L\u2019application utilise des services tiers qui d\u00e9clarent leurs propres Conditions G\u00e9n\u00e9rales.<\/p>\n\n<p>Liens vers les Conditions G\u00e9n\u00e9rales des fournisseurs de services tiers utilis\u00e9s par l\u2019application :<\/p>\n\n<ul class=\"wp-block-list\">\n<li><a href=\"https:\/\/policies.google.com\/terms\" target=\"_blank\" rel=\"noreferrer noopener\">Google Play Services<\/a><\/li>\n\n\n\n<li><a href=\"https:\/\/firebase.google.com\/terms\/analytics\" target=\"_blank\" rel=\"noreferrer noopener\">Google Analytics for Firebase<\/a><\/li>\n\n\n\n<li><a href=\"https:\/\/firebase.google.com\/terms\/crashlytics\" target=\"_blank\" rel=\"noreferrer noopener\">Firebase Crashlytics<\/a><\/li>\n\n\n\n<li><a href=\"https:\/\/www.revenuecat.com\/terms\" target=\"_blank\" rel=\"noreferrer noopener\">RevenueCat<\/a><\/li>\n<\/ul>\n\n<p>Vous devez \u00eatre conscient qu\u2019il y a certaines choses dont Hyperday MB n\u2019assumera pas la responsabilit\u00e9. Certaines fonctions de l\u2019application n\u00e9cessiteront une connexion internet active. La connexion peut \u00eatre Wi-Fi ou fournie par votre fournisseur de r\u00e9seau mobile, mais Hyperday MB ne peut pas assumer la responsabilit\u00e9 du non-fonctionnement optimal de l\u2019application si vous n\u2019avez pas acc\u00e8s au Wi-Fi et que vous n\u2019avez plus de forfait de donn\u00e9es.  <\/p>\n\n<p>Si vous utilisez l\u2019application en dehors d\u2019une zone avec Wi-Fi, vous devez vous rappeler que les conditions de l\u2019accord avec votre fournisseur de r\u00e9seau mobile s\u2019appliqueront toujours. En cons\u00e9quence, vous pourriez \u00eatre factur\u00e9 par votre fournisseur mobile pour le co\u00fbt des donn\u00e9es pendant la dur\u00e9e de la connexion lors de l\u2019acc\u00e8s \u00e0 l\u2019application, ou d\u2019autres frais tiers. En utilisant l\u2019application, vous acceptez la responsabilit\u00e9 de tels frais, y compris les frais de donn\u00e9es en itin\u00e9rance si vous utilisez l\u2019application en dehors de votre territoire d\u2019origine (c\u2019est-\u00e0-dire r\u00e9gion ou pays) sans d\u00e9sactiver l\u2019itin\u00e9rance des donn\u00e9es. Si vous n\u2019\u00eates pas le payeur de la facture pour l\u2019appareil sur lequel vous utilisez l\u2019application, veuillez noter que nous supposons que vous avez re\u00e7u l\u2019autorisation du payeur de la facture pour utiliser l\u2019application.   <\/p>\n\n<p>Dans le m\u00eame ordre d\u2019id\u00e9es, Hyperday MB ne peut pas toujours assumer la responsabilit\u00e9 de la fa\u00e7on dont vous utilisez l\u2019application. Vous devez vous assurer que votre appareil reste charg\u00e9 \u2013 si la batterie est \u00e9puis\u00e9e et que vous ne pouvez pas l\u2019allumer pour b\u00e9n\u00e9ficier du Service, Hyperday MB ne peut pas en accepter la responsabilit\u00e9. <\/p>\n\n<p>En ce qui concerne la responsabilit\u00e9 d\u2019Hyperday MB quant \u00e0 votre utilisation de l\u2019application, il est important de garder \u00e0 l\u2019esprit que, bien que nous nous efforcions de nous assurer qu\u2019elle soit mise \u00e0 jour et correcte en tout temps, nous d\u00e9pendons de tiers pour nous fournir des informations afin que nous puissions les mettre \u00e0 votre disposition. Hyperday MB n\u2019accepte aucune responsabilit\u00e9 pour toute perte, directe ou indirecte, que vous subissez en vous fiant enti\u00e8rement \u00e0 cette fonctionnalit\u00e9 de l\u2019application. <\/p>\n\n<p>Il est possible que nous mettions occasionnellement \u00e0 jour l\u2019application. L\u2019application est actuellement disponible sur iOS \u2013 les exigences du syst\u00e8me (et pour tout syst\u00e8me suppl\u00e9mentaire auquel nous d\u00e9ciderions d\u2019\u00e9tendre la disponibilit\u00e9 de l\u2019application) peuvent changer, et vous devrez t\u00e9l\u00e9charger les mises \u00e0 jour si vous souhaitez continuer \u00e0 utiliser l\u2019application. Hyperday MB ne garantit pas qu\u2019elle mettra toujours \u00e0 jour l\u2019application pour qu\u2019elle soit pertinente pour vous et\/ou fonctionne avec la version iOS que vous avez install\u00e9e sur votre appareil. Cependant, vous vous engagez \u00e0 toujours accepter les mises \u00e0 jour de l\u2019application lorsqu\u2019elles vous sont propos\u00e9es. Nous pouvons \u00e9galement souhaiter cesser de fournir l\u2019application et mettre fin \u00e0 son utilisation \u00e0 tout moment sans vous en informer. Sauf indication contraire de notre part, lors de toute r\u00e9siliation, (a) les droits et licences qui vous sont accord\u00e9s dans ces conditions prendront fin ; (b) vous devrez cesser d\u2019utiliser l\u2019application et (si n\u00e9cessaire) la supprimer de votre appareil.       <\/p>\n\n<p><strong>Modifications des pr\u00e9sentes conditions g\u00e9n\u00e9rales<\/strong><\/p>\n\n<p>Nous pouvons mettre \u00e0 jour nos conditions g\u00e9n\u00e9rales de temps \u00e0 autre. Ainsi, il vous est conseill\u00e9 de consulter cette page p\u00e9riodiquement pour prendre connaissance des \u00e9ventuelles modifications. Nous vous informerons de tout changement en publiant les nouvelles conditions g\u00e9n\u00e9rales sur cette page.  <\/p>\n\n<p>Ces conditions g\u00e9n\u00e9rales sont en vigueur \u00e0 compter du 01-04-2023.<\/p>\n\n<p><strong>Nous contacter<\/strong><\/p>\n\n<p>Si vous avez des questions ou des suggestions concernant nos conditions g\u00e9n\u00e9rales, n\u2019h\u00e9sitez pas \u00e0 nous contacter \u00e0 l\u2019adresse hello@watchfaces.co.<\/p>\n","protected":false},"excerpt":{"rendered":"<p>En t\u00e9l\u00e9chargeant ou en utilisant l&rsquo;application, ces conditions s&rsquo;appliqueront automatiquement \u00e0 vous \u2013 vous devez donc vous assurer de les\\xE2\\x80\\xA6<\/p>\n","protected":false},"author":2,"featured_media":0,"parent":0,"menu_order":0,"comment_status":"closed","ping_status":"closed","template":"","meta":{"_acf_changed":false,"footnotes":""},"class_list":["post-12886","page","type-page","status-publish","hentry","entry"],"acf":[],"yoast_head":"<!-- This site is optimized with the Yoast SEO Premium plugin v27.5 (Yoast SEO v27.6) - https:\/\/yoast.com\/product\/yoast-seo-premium-wordpress\/ -->\n<title>Termes &amp; conditions | Watch Faces for Apple Watch<\/title>\n<meta name=\"description\" content=\"Veuillez consulter nos Conditions G\u00e9n\u00e9rales afin de comprendre les r\u00e8gles r\u00e9gissant l&#039;utilisation de notre application Watch Faces Widgets, vos droits, obligations et limitations en tant qu&#039;utilisateur.\" \/>\n<meta name=\"robots\" content=\"noindex, nofollow\" \/>\n<meta property=\"og:locale\" content=\"fr_FR\" \/>\n<meta property=\"og:type\" content=\"article\" \/>\n<meta property=\"og:title\" content=\"Termes &amp; conditions\" \/>\n<meta property=\"og:description\" content=\"Explore our collection of stunning Apple Watch faces. Find the perfect watch face to customize your Apple Watch style and personality.\" \/>\n<meta property=\"og:url\" content=\"https:\/\/watchfaces.co\/fr\/termes-conditions\/\" \/>\n<meta property=\"og:site_name\" content=\"Watch Faces for Apple Watch\" \/>\n<meta property=\"article:publisher\" content=\"https:\/\/www.facebook.com\/profile.php?id=100093633757293\" \/>\n<meta property=\"article:modified_time\" content=\"2025-03-14T16:14:53+00:00\" \/>\n<meta property=\"og:image\" content=\"https:\/\/watchfaces.co\/wp-content\/uploads\/2023\/01\/apple-watch-faces-1.png\" \/>\n\t<meta property=\"og:image:width\" content=\"1200\" \/>\n\t<meta property=\"og:image:height\" content=\"675\" \/>\n\t<meta property=\"og:image:type\" content=\"image\/png\" \/>\n<meta name=\"twitter:card\" content=\"summary_large_image\" \/>\n<meta name=\"twitter:site\" content=\"@watchfacesapp\" \/>\n<meta name=\"twitter:label1\" content=\"Dur\u00e9e de lecture estim\u00e9e\" \/>\n\t<meta name=\"twitter:data1\" content=\"5 minutes\" \/>\n<script type=\"application\/ld+json\" class=\"yoast-schema-graph\">{\"@context\":\"https:\\\/\\\/schema.org\",\"@graph\":[{\"@type\":\"WebPage\",\"@id\":\"https:\\\/\\\/watchfaces.co\\\/fr\\\/termes-conditions\\\/\",\"url\":\"https:\\\/\\\/watchfaces.co\\\/fr\\\/termes-conditions\\\/\",\"name\":\"Termes &amp; conditions | Watch Faces for Apple Watch\",\"isPartOf\":{\"@id\":\"https:\\\/\\\/watchfaces.co\\\/fr\\\/#website\"},\"datePublished\":\"2023-04-01T21:10:40+00:00\",\"dateModified\":\"2025-03-14T16:14:53+00:00\",\"description\":\"Veuillez consulter nos Conditions G\u00e9n\u00e9rales afin de comprendre les r\u00e8gles r\u00e9gissant l'utilisation de notre application Watch Faces Widgets, vos droits, obligations et limitations en tant qu'utilisateur.\",\"breadcrumb\":{\"@id\":\"https:\\\/\\\/watchfaces.co\\\/fr\\\/termes-conditions\\\/#breadcrumb\"},\"inLanguage\":\"fr-FR\",\"potentialAction\":[{\"@type\":\"ReadAction\",\"target\":[\"https:\\\/\\\/watchfaces.co\\\/fr\\\/termes-conditions\\\/\"]}]},{\"@type\":\"BreadcrumbList\",\"@id\":\"https:\\\/\\\/watchfaces.co\\\/fr\\\/termes-conditions\\\/#breadcrumb\",\"itemListElement\":[{\"@type\":\"ListItem\",\"position\":1,\"name\":\"Home\",\"item\":\"https:\\\/\\\/watchfaces.co\\\/fr\\\/accueil\\\/\"},{\"@type\":\"ListItem\",\"position\":2,\"name\":\"Termes &amp; conditions\"}]},{\"@type\":\"WebSite\",\"@id\":\"https:\\\/\\\/watchfaces.co\\\/fr\\\/#website\",\"url\":\"https:\\\/\\\/watchfaces.co\\\/fr\\\/\",\"name\":\"Apple Watch Faces\u231a\ufe0f\",\"description\":\"Designed for You \ud83d\udd25\",\"publisher\":{\"@id\":\"https:\\\/\\\/watchfaces.co\\\/fr\\\/#organization\"},\"alternateName\":\"Watchfaces.co\",\"potentialAction\":[{\"@type\":\"SearchAction\",\"target\":{\"@type\":\"EntryPoint\",\"urlTemplate\":\"https:\\\/\\\/watchfaces.co\\\/fr\\\/?s={search_term_string}\"},\"query-input\":{\"@type\":\"PropertyValueSpecification\",\"valueRequired\":true,\"valueName\":\"search_term_string\"}}],\"inLanguage\":\"fr-FR\"},{\"@type\":\"Organization\",\"@id\":\"https:\\\/\\\/watchfaces.co\\\/fr\\\/#organization\",\"name\":\"Watch Faces\",\"alternateName\":\"Watchfaces.co\",\"url\":\"https:\\\/\\\/watchfaces.co\\\/fr\\\/\",\"logo\":{\"@type\":\"ImageObject\",\"inLanguage\":\"fr-FR\",\"@id\":\"https:\\\/\\\/watchfaces.co\\\/fr\\\/#\\\/schema\\\/logo\\\/image\\\/\",\"url\":\"https:\\\/\\\/watchfaces.co\\\/wp-content\\\/uploads\\\/2023\\\/01\\\/logo.png\",\"contentUrl\":\"https:\\\/\\\/watchfaces.co\\\/wp-content\\\/uploads\\\/2023\\\/01\\\/logo.png\",\"width\":380,\"height\":76,\"caption\":\"Watch Faces\"},\"image\":{\"@id\":\"https:\\\/\\\/watchfaces.co\\\/fr\\\/#\\\/schema\\\/logo\\\/image\\\/\"},\"sameAs\":[\"https:\\\/\\\/www.facebook.com\\\/profile.php?id=100093633757293\",\"https:\\\/\\\/x.com\\\/watchfacesapp\",\"https:\\\/\\\/apps.apple.com\\\/us\\\/app\\\/watch-faces-widgets\\\/id1617064080\"],\"contactPoint\":{\"@type\":\"ContactPoint\",\"contactType\":\"customer support\",\"url\":\"https:\\\/\\\/watchfaces.co\\\/contact\\\/\",\"availableLanguage\":\"English\"},\"description\":\"Watch Faces is the ultimate app for Apple Watch faces, offering a wide selection of customizable and exclusive designs. Easily preview and install watch faces to match your style, including live and dynamic options. Designed for all Apple Watch models, the app lets you personalize your watch with stunning faces and unique complications, enhancing your Apple Watch experience.\"}]}<\/script>\n<!-- \/ Yoast SEO Premium plugin. -->","yoast_head_json":{"title":"Termes &amp; conditions | Watch Faces for Apple Watch","description":"Veuillez consulter nos Conditions G\u00e9n\u00e9rales afin de comprendre les r\u00e8gles r\u00e9gissant l'utilisation de notre application Watch Faces Widgets, vos droits, obligations et limitations en tant qu'utilisateur.","robots":{"index":"noindex","follow":"nofollow"},"og_locale":"fr_FR","og_type":"article","og_title":"Termes &amp; conditions","og_description":"Explore our collection of stunning Apple Watch faces. Find the perfect watch face to customize your Apple Watch style and personality.","og_url":"https:\/\/watchfaces.co\/fr\/termes-conditions\/","og_site_name":"Watch Faces for Apple Watch","article_publisher":"https:\/\/www.facebook.com\/profile.php?id=100093633757293","article_modified_time":"2025-03-14T16:14:53+00:00","og_image":[{"width":1200,"height":675,"url":"https:\/\/watchfaces.co\/wp-content\/uploads\/2023\/01\/apple-watch-faces-1.png","type":"image\/png"}],"twitter_card":"summary_large_image","twitter_site":"@watchfacesapp","twitter_misc":{"Dur\u00e9e de lecture estim\u00e9e":"5 minutes"},"schema":{"@context":"https:\/\/schema.org","@graph":[{"@type":"WebPage","@id":"https:\/\/watchfaces.co\/fr\/termes-conditions\/","url":"https:\/\/watchfaces.co\/fr\/termes-conditions\/","name":"Termes &amp; conditions | Watch Faces for Apple Watch","isPartOf":{"@id":"https:\/\/watchfaces.co\/fr\/#website"},"datePublished":"2023-04-01T21:10:40+00:00","dateModified":"2025-03-14T16:14:53+00:00","description":"Veuillez consulter nos Conditions G\u00e9n\u00e9rales afin de comprendre les r\u00e8gles r\u00e9gissant l'utilisation de notre application Watch Faces Widgets, vos droits, obligations et limitations en tant qu'utilisateur.","breadcrumb":{"@id":"https:\/\/watchfaces.co\/fr\/termes-conditions\/#breadcrumb"},"inLanguage":"fr-FR","potentialAction":[{"@type":"ReadAction","target":["https:\/\/watchfaces.co\/fr\/termes-conditions\/"]}]},{"@type":"BreadcrumbList","@id":"https:\/\/watchfaces.co\/fr\/termes-conditions\/#breadcrumb","itemListElement":[{"@type":"ListItem","position":1,"name":"Home","item":"https:\/\/watchfaces.co\/fr\/accueil\/"},{"@type":"ListItem","position":2,"name":"Termes &amp; conditions"}]},{"@type":"WebSite","@id":"https:\/\/watchfaces.co\/fr\/#website","url":"https:\/\/watchfaces.co\/fr\/","name":"Apple Watch Faces\u231a\ufe0f","description":"Designed for You \ud83d\udd25","publisher":{"@id":"https:\/\/watchfaces.co\/fr\/#organization"},"alternateName":"Watchfaces.co","potentialAction":[{"@type":"SearchAction","target":{"@type":"EntryPoint","urlTemplate":"https:\/\/watchfaces.co\/fr\/?s={search_term_string}"},"query-input":{"@type":"PropertyValueSpecification","valueRequired":true,"valueName":"search_term_string"}}],"inLanguage":"fr-FR"},{"@type":"Organization","@id":"https:\/\/watchfaces.co\/fr\/#organization","name":"Watch Faces","alternateName":"Watchfaces.co","url":"https:\/\/watchfaces.co\/fr\/","logo":{"@type":"ImageObject","inLanguage":"fr-FR","@id":"https:\/\/watchfaces.co\/fr\/#\/schema\/logo\/image\/","url":"https:\/\/watchfaces.co\/wp-content\/uploads\/2023\/01\/logo.png","contentUrl":"https:\/\/watchfaces.co\/wp-content\/uploads\/2023\/01\/logo.png","width":380,"height":76,"caption":"Watch Faces"},"image":{"@id":"https:\/\/watchfaces.co\/fr\/#\/schema\/logo\/image\/"},"sameAs":["https:\/\/www.facebook.com\/profile.php?id=100093633757293","https:\/\/x.com\/watchfacesapp","https:\/\/apps.apple.com\/us\/app\/watch-faces-widgets\/id1617064080"],"contactPoint":{"@type":"ContactPoint","contactType":"customer support","url":"https:\/\/watchfaces.co\/contact\/","availableLanguage":"English"},"description":"Watch Faces is the ultimate app for Apple Watch faces, offering a wide selection of customizable and exclusive designs. Easily preview and install watch faces to match your style, including live and dynamic options. Designed for all Apple Watch models, the app lets you personalize your watch with stunning faces and unique complications, enhancing your Apple Watch experience."}]}},"_links":{"self":[{"href":"https:\/\/watchfaces.co\/fr\/wp-json\/wp\/v2\/pages\/12886","targetHints":{"allow":["GET"]}}],"collection":[{"href":"https:\/\/watchfaces.co\/fr\/wp-json\/wp\/v2\/pages"}],"about":[{"href":"https:\/\/watchfaces.co\/fr\/wp-json\/wp\/v2\/types\/page"}],"author":[{"embeddable":true,"href":"https:\/\/watchfaces.co\/fr\/wp-json\/wp\/v2\/users\/2"}],"replies":[{"embeddable":true,"href":"https:\/\/watchfaces.co\/fr\/wp-json\/wp\/v2\/comments?post=12886"}],"version-history":[{"count":0,"href":"https:\/\/watchfaces.co\/fr\/wp-json\/wp\/v2\/pages\/12886\/revisions"}],"wp:attachment":[{"href":"https:\/\/watchfaces.co\/fr\/wp-json\/wp\/v2\/media?parent=12886"}],"curies":[{"name":"wp","href":"https:\/\/api.w.org\/{rel}","templated":true}]}}