{"id":12775,"date":"2023-04-01T20:54:16","date_gmt":"2023-04-01T20:54:16","guid":{"rendered":"https:\/\/watchfaces.co\/politique-de-confidentialite\/"},"modified":"2026-03-01T13:57:16","modified_gmt":"2026-03-01T13:57:16","slug":"politique-de-confidentialite","status":"publish","type":"page","link":"https:\/\/watchfaces.co\/fr\/politique-de-confidentialite\/","title":{"rendered":"Politique de confidentialit\u00e9"},"content":{"rendered":"\n<p>Hyperday MB a d\u00e9velopp\u00e9 l&rsquo;application Watch Faces  Widgets en tant qu&rsquo;application Freemium. Ce SERVICE est fourni gratuitement par Hyperday MB et est destin\u00e9 \u00e0 \u00eatre utilis\u00e9 tel quel. <\/p>\n\n<p>Cette page est utilis\u00e9e pour informer les visiteurs de nos politiques concernant la collecte, l&rsquo;utilisation et la divulgation des informations personnelles si quiconque d\u00e9cide d&rsquo;utiliser notre Service.<\/p>\n\n<p>Si vous choisissez d&rsquo;utiliser notre Service, vous acceptez alors la collecte et l&rsquo;utilisation d&rsquo;informations en relation avec cette politique. Les informations personnelles que nous collectons sont utilis\u00e9es pour fournir et am\u00e9liorer le Service. Nous n&rsquo;utiliserons ni ne partagerons vos informations avec quiconque, sauf comme d\u00e9crit dans la pr\u00e9sente Politique de confidentialit\u00e9.  <\/p>\n\n<p>Les termes utilis\u00e9s dans cette Politique de confidentialit\u00e9 ont les m\u00eames significations que dans nos Conditions g\u00e9n\u00e9rales, qui sont accessibles dans Watch Faces  Widgets, sauf d\u00e9finition contraire dans cette Politique de confidentialit\u00e9.<\/p>\n\n<p><strong>Collecte et utilisation des informations<\/strong><\/p>\n\n<p>Pour une meilleure exp\u00e9rience, lors de l&rsquo;utilisation de notre Service, nous pouvons vous demander de nous fournir certaines informations personnellement identifiables. Les informations que nous demandons seront conserv\u00e9es par nous et utilis\u00e9es comme d\u00e9crit dans cette politique de confidentialit\u00e9. <\/p>\n\n<p>L&rsquo;application utilise des services tiers qui peuvent collecter des informations utilis\u00e9es pour vous identifier.<\/p>\n\n<p>Lien vers la politique de confidentialit\u00e9 des fournisseurs de services tiers utilis\u00e9s par l&rsquo;application<\/p>\n\n<ul class=\"wp-block-list\">\n<li><a href=\"https:\/\/www.google.com\/policies\/privacy\/\" target=\"_blank\" rel=\"noreferrer noopener\">Google Play Services<\/a><\/li>\n\n\n\n<li><a href=\"https:\/\/firebase.google.com\/policies\/analytics\" target=\"_blank\" rel=\"noreferrer noopener\">Google Analytics for Firebase<\/a><\/li>\n\n\n\n<li><a href=\"https:\/\/firebase.google.com\/support\/privacy\/\" target=\"_blank\" rel=\"noreferrer noopener\">Firebase Crashlytics<\/a><\/li>\n\n\n\n<li><a href=\"https:\/\/www.revenuecat.com\/privacy\" target=\"_blank\" rel=\"noreferrer noopener\">RevenueCat<\/a><\/li>\n<\/ul>\n\n<p><strong>Donn\u00e9es de journal<\/strong><\/p>\n\n<p>Nous tenons \u00e0 vous informer que chaque fois que vous utilisez notre Service, en cas d&rsquo;erreur dans l&rsquo;application, nous collectons des donn\u00e9es et des informations (par le biais de produits tiers) sur votre t\u00e9l\u00e9phone appel\u00e9es Donn\u00e9es de journal. Ces Donn\u00e9es de journal peuvent inclure des informations telles que l&rsquo;adresse de protocole Internet (\u00ab IP \u00bb) de votre appareil, le nom de l&rsquo;appareil, la version du syst\u00e8me d&rsquo;exploitation, la configuration de l&rsquo;application lors de l&rsquo;utilisation de notre Service, l&rsquo;heure et la date de votre utilisation du Service, et d&rsquo;autres statistiques. <\/p>\n\n<p><strong>Cookies<\/strong><\/p>\n\n<p>Les cookies sont des fichiers contenant une petite quantit\u00e9 de donn\u00e9es qui sont couramment utilis\u00e9s comme identifiants uniques anonymes. Ils sont envoy\u00e9s \u00e0 votre navigateur par les sites Web que vous visitez et sont stock\u00e9s dans la m\u00e9moire interne de votre appareil. <\/p>\n\n<p>Ce Service n&rsquo;utilise pas ces \u00ab cookies \u00bb explicitement. Cependant, l&rsquo;application peut utiliser du code tiers et des biblioth\u00e8ques qui utilisent des \u00ab cookies \u00bb pour collecter des informations et am\u00e9liorer leurs services. Vous avez la possibilit\u00e9 d&rsquo;accepter ou de refuser ces cookies et de savoir quand un cookie est envoy\u00e9 \u00e0 votre appareil. Si vous choisissez de refuser nos cookies, vous ne pourrez peut-\u00eatre pas utiliser certaines parties de ce Service.   <\/p>\n\n<p><strong>Prestataires de services<\/strong><\/p>\n\n<p>Nous pouvons employer des soci\u00e9t\u00e9s tierces et des individus pour les raisons suivantes :<\/p>\n\n<ul class=\"wp-block-list\">\n<li>Pour faciliter notre Service ;<\/li>\n\n\n\n<li>Pour fournir le Service en notre nom ;<\/li>\n\n\n\n<li>Pour effectuer des services li\u00e9s au Service ; ou<\/li>\n\n\n\n<li>Pour nous aider \u00e0 analyser comment notre Service est utilis\u00e9.<\/li>\n<\/ul>\n\n<p>Nous souhaitons informer les utilisateurs de ce Service que ces tiers ont acc\u00e8s \u00e0 leurs Informations Personnelles. La raison est d&rsquo;effectuer les t\u00e2ches qui leur sont assign\u00e9es en notre nom. Cependant, ils sont tenus de ne pas divulguer ni utiliser les informations \u00e0 d&rsquo;autres fins.  <\/p>\n\n<p><strong>S\u00e9curit\u00e9<\/strong><\/p>\n\n<p>Nous accordons une grande importance \u00e0 votre confiance en nous fournissant vos Informations Personnelles, c&rsquo;est pourquoi nous nous effor\u00e7ons d&rsquo;utiliser des moyens commercialement acceptables pour les prot\u00e9ger. Mais rappelez-vous qu&rsquo;aucune m\u00e9thode de transmission sur Internet ou m\u00e9thode de stockage \u00e9lectronique n&rsquo;est s\u00fbre et fiable \u00e0 100%, et nous ne pouvons garantir sa s\u00e9curit\u00e9 absolue. <\/p>\n\n<p><strong>Liens vers d&rsquo;autres sites<\/strong><\/p>\n\n<p>Ce Service peut contenir des liens vers d&rsquo;autres sites. Si vous cliquez sur un lien tiers, vous serez dirig\u00e9 vers ce site. Notez que ces sites externes ne sont pas exploit\u00e9s par nous. Par cons\u00e9quent, nous vous conseillons vivement de consulter la Politique de confidentialit\u00e9 de ces sites Web. Nous n&rsquo;avons aucun contr\u00f4le et n&rsquo;assumons aucune responsabilit\u00e9 quant au contenu, aux politiques de confidentialit\u00e9 ou aux pratiques de tout site ou service tiers.    <\/p>\n\n<p><strong>Confidentialit\u00e9 des enfants<\/strong><\/p>\n\n<p>Ces Services ne s&rsquo;adressent \u00e0 aucune personne \u00e2g\u00e9e de moins de 13 ans. Nous ne collectons pas sciemment d&rsquo;informations personnelles identifiables aupr\u00e8s d&rsquo;enfants de moins de 13 ans. Dans l&rsquo;\u00e9ventualit\u00e9 o\u00f9 nous d\u00e9couvririons qu&rsquo;un enfant de moins de 13 ans nous a fourni des informations personnelles, nous les supprimerions imm\u00e9diatement de nos serveurs. Si vous \u00eates un parent ou un tuteur et que vous avez connaissance que votre enfant nous a fourni des informations personnelles, veuillez nous contacter afin que nous puissions prendre les mesures n\u00e9cessaires.   <\/p>\n\n<p><strong>Conservation des donn\u00e9es<\/strong><\/p>\n\n<p>Nous conserverons vos Informations Personnelles aussi longtemps que n\u00e9cessaire pour vous fournir le Service et aux fins \u00e9nonc\u00e9es dans la pr\u00e9sente Politique de Confidentialit\u00e9, ou jusqu&rsquo;\u00e0 ce que vous demandiez la suppression de vos Informations Personnelles.<\/p>\n\n<p><strong>Modifications de cette Politique de Confidentialit\u00e9<\/strong><\/p>\n\n<p>Nous pouvons mettre \u00e0 jour notre Politique de Confidentialit\u00e9 de temps \u00e0 autre. Ainsi, nous vous conseillons de consulter p\u00e9riodiquement cette page pour prendre connaissance d&rsquo;\u00e9ventuelles modifications. Nous vous informerons de tout changement en publiant la nouvelle Politique de Confidentialit\u00e9 sur cette page.  <\/p>\n\n<p>Cette politique est en vigueur \u00e0 compter du 01-04-2023<\/p>\n\n<p><strong>Contactez-nous<\/strong><\/p>\n\n<p>Si vous avez des questions ou des suggestions concernant notre Politique de Confidentialit\u00e9, n&rsquo;h\u00e9sitez pas \u00e0 nous contacter \u00e0 l&rsquo;adresse hello@watchfaces.co.<\/p>\n","protected":false},"excerpt":{"rendered":"<p>Hyperday MB a d\u00e9velopp\u00e9 l&rsquo;application Watch Faces Widgets en tant qu&rsquo;application Freemium.<\/p>\n","protected":false},"author":2,"featured_media":0,"parent":0,"menu_order":0,"comment_status":"closed","ping_status":"closed","template":"","meta":{"_acf_changed":false,"footnotes":""},"class_list":["post-12775","page","type-page","status-publish","hentry","entry"],"acf":[],"yoast_head":"<!-- This site is optimized with the Yoast SEO Premium plugin v27.3 (Yoast SEO v27.4) - https:\/\/yoast.com\/product\/yoast-seo-premium-wordpress\/ -->\n<title>Politique de confidentialit\u00e9 | Watch Faces for Apple Watch<\/title>\n<meta name=\"description\" content=\"Cette page est utilis\u00e9e pour informer les visiteurs de nos politiques concernant la collecte, l&#039;utilisation et la divulgation des informations personnelles si quiconque d\u00e9cide d&#039;utiliser notre Service.\" \/>\n<meta name=\"robots\" content=\"noindex, nofollow\" \/>\n<meta property=\"og:locale\" content=\"fr_FR\" \/>\n<meta property=\"og:type\" content=\"article\" \/>\n<meta property=\"og:title\" content=\"Politique de confidentialit\u00e9\" \/>\n<meta property=\"og:description\" content=\"Explore our collection of stunning Apple Watch faces. Find the perfect watch face to customize your Apple Watch style and personality.\" \/>\n<meta property=\"og:url\" content=\"https:\/\/watchfaces.co\/fr\/politique-de-confidentialite\/\" \/>\n<meta property=\"og:site_name\" content=\"Watch Faces for Apple Watch\" \/>\n<meta property=\"article:publisher\" content=\"https:\/\/www.facebook.com\/profile.php?id=100093633757293\" \/>\n<meta property=\"article:modified_time\" content=\"2026-03-01T13:57:16+00:00\" \/>\n<meta property=\"og:image\" content=\"https:\/\/watchfaces.co\/wp-content\/uploads\/2023\/01\/apple-watch-faces-1.png\" \/>\n\t<meta property=\"og:image:width\" content=\"1200\" \/>\n\t<meta property=\"og:image:height\" content=\"675\" \/>\n\t<meta property=\"og:image:type\" content=\"image\/png\" \/>\n<meta name=\"twitter:card\" content=\"summary_large_image\" \/>\n<meta name=\"twitter:site\" content=\"@watchfacesapp\" \/>\n<meta name=\"twitter:label1\" content=\"Dur\u00e9e de lecture estim\u00e9e\" \/>\n\t<meta name=\"twitter:data1\" content=\"4 minutes\" \/>\n<script type=\"application\/ld+json\" class=\"yoast-schema-graph\">{\"@context\":\"https:\\\/\\\/schema.org\",\"@graph\":[{\"@type\":\"WebPage\",\"@id\":\"https:\\\/\\\/watchfaces.co\\\/fr\\\/politique-de-confidentialite\\\/\",\"url\":\"https:\\\/\\\/watchfaces.co\\\/fr\\\/politique-de-confidentialite\\\/\",\"name\":\"Politique de confidentialit\u00e9 | Watch Faces for Apple Watch\",\"isPartOf\":{\"@id\":\"https:\\\/\\\/watchfaces.co\\\/fr\\\/#website\"},\"datePublished\":\"2023-04-01T20:54:16+00:00\",\"dateModified\":\"2026-03-01T13:57:16+00:00\",\"description\":\"Cette page est utilis\u00e9e pour informer les visiteurs de nos politiques concernant la collecte, l'utilisation et la divulgation des informations personnelles si quiconque d\u00e9cide d'utiliser notre Service.\",\"breadcrumb\":{\"@id\":\"https:\\\/\\\/watchfaces.co\\\/fr\\\/politique-de-confidentialite\\\/#breadcrumb\"},\"inLanguage\":\"fr-FR\",\"potentialAction\":[{\"@type\":\"ReadAction\",\"target\":[\"https:\\\/\\\/watchfaces.co\\\/fr\\\/politique-de-confidentialite\\\/\"]}]},{\"@type\":\"BreadcrumbList\",\"@id\":\"https:\\\/\\\/watchfaces.co\\\/fr\\\/politique-de-confidentialite\\\/#breadcrumb\",\"itemListElement\":[{\"@type\":\"ListItem\",\"position\":1,\"name\":\"Home\",\"item\":\"https:\\\/\\\/watchfaces.co\\\/fr\\\/accueil\\\/\"},{\"@type\":\"ListItem\",\"position\":2,\"name\":\"Politique de confidentialit\u00e9\"}]},{\"@type\":\"WebSite\",\"@id\":\"https:\\\/\\\/watchfaces.co\\\/fr\\\/#website\",\"url\":\"https:\\\/\\\/watchfaces.co\\\/fr\\\/\",\"name\":\"Apple Watch Faces\u231a\ufe0f\",\"description\":\"Designed for You \ud83d\udd25\",\"publisher\":{\"@id\":\"https:\\\/\\\/watchfaces.co\\\/fr\\\/#organization\"},\"alternateName\":\"Watchfaces.co\",\"potentialAction\":[{\"@type\":\"SearchAction\",\"target\":{\"@type\":\"EntryPoint\",\"urlTemplate\":\"https:\\\/\\\/watchfaces.co\\\/fr\\\/?s={search_term_string}\"},\"query-input\":{\"@type\":\"PropertyValueSpecification\",\"valueRequired\":true,\"valueName\":\"search_term_string\"}}],\"inLanguage\":\"fr-FR\"},{\"@type\":\"Organization\",\"@id\":\"https:\\\/\\\/watchfaces.co\\\/fr\\\/#organization\",\"name\":\"Watch Faces\",\"alternateName\":\"Watchfaces.co\",\"url\":\"https:\\\/\\\/watchfaces.co\\\/fr\\\/\",\"logo\":{\"@type\":\"ImageObject\",\"inLanguage\":\"fr-FR\",\"@id\":\"https:\\\/\\\/watchfaces.co\\\/fr\\\/#\\\/schema\\\/logo\\\/image\\\/\",\"url\":\"https:\\\/\\\/watchfaces.co\\\/wp-content\\\/uploads\\\/2023\\\/01\\\/logo.png\",\"contentUrl\":\"https:\\\/\\\/watchfaces.co\\\/wp-content\\\/uploads\\\/2023\\\/01\\\/logo.png\",\"width\":380,\"height\":76,\"caption\":\"Watch Faces\"},\"image\":{\"@id\":\"https:\\\/\\\/watchfaces.co\\\/fr\\\/#\\\/schema\\\/logo\\\/image\\\/\"},\"sameAs\":[\"https:\\\/\\\/www.facebook.com\\\/profile.php?id=100093633757293\",\"https:\\\/\\\/x.com\\\/watchfacesapp\",\"https:\\\/\\\/apps.apple.com\\\/us\\\/app\\\/watch-faces-widgets\\\/id1617064080\"],\"contactPoint\":{\"@type\":\"ContactPoint\",\"contactType\":\"customer support\",\"url\":\"https:\\\/\\\/watchfaces.co\\\/contact\\\/\",\"availableLanguage\":\"English\"},\"description\":\"Watch Faces is the ultimate app for Apple Watch faces, offering a wide selection of customizable and exclusive designs. Easily preview and install watch faces to match your style, including live and dynamic options. Designed for all Apple Watch models, the app lets you personalize your watch with stunning faces and unique complications, enhancing your Apple Watch experience.\"}]}<\/script>\n<!-- \/ Yoast SEO Premium plugin. -->","yoast_head_json":{"title":"Politique de confidentialit\u00e9 | Watch Faces for Apple Watch","description":"Cette page est utilis\u00e9e pour informer les visiteurs de nos politiques concernant la collecte, l'utilisation et la divulgation des informations personnelles si quiconque d\u00e9cide d'utiliser notre Service.","robots":{"index":"noindex","follow":"nofollow"},"og_locale":"fr_FR","og_type":"article","og_title":"Politique de confidentialit\u00e9","og_description":"Explore our collection of stunning Apple Watch faces. Find the perfect watch face to customize your Apple Watch style and personality.","og_url":"https:\/\/watchfaces.co\/fr\/politique-de-confidentialite\/","og_site_name":"Watch Faces for Apple Watch","article_publisher":"https:\/\/www.facebook.com\/profile.php?id=100093633757293","article_modified_time":"2026-03-01T13:57:16+00:00","og_image":[{"width":1200,"height":675,"url":"https:\/\/watchfaces.co\/wp-content\/uploads\/2023\/01\/apple-watch-faces-1.png","type":"image\/png"}],"twitter_card":"summary_large_image","twitter_site":"@watchfacesapp","twitter_misc":{"Dur\u00e9e de lecture estim\u00e9e":"4 minutes"},"schema":{"@context":"https:\/\/schema.org","@graph":[{"@type":"WebPage","@id":"https:\/\/watchfaces.co\/fr\/politique-de-confidentialite\/","url":"https:\/\/watchfaces.co\/fr\/politique-de-confidentialite\/","name":"Politique de confidentialit\u00e9 | Watch Faces for Apple Watch","isPartOf":{"@id":"https:\/\/watchfaces.co\/fr\/#website"},"datePublished":"2023-04-01T20:54:16+00:00","dateModified":"2026-03-01T13:57:16+00:00","description":"Cette page est utilis\u00e9e pour informer les visiteurs de nos politiques concernant la collecte, l'utilisation et la divulgation des informations personnelles si quiconque d\u00e9cide d'utiliser notre Service.","breadcrumb":{"@id":"https:\/\/watchfaces.co\/fr\/politique-de-confidentialite\/#breadcrumb"},"inLanguage":"fr-FR","potentialAction":[{"@type":"ReadAction","target":["https:\/\/watchfaces.co\/fr\/politique-de-confidentialite\/"]}]},{"@type":"BreadcrumbList","@id":"https:\/\/watchfaces.co\/fr\/politique-de-confidentialite\/#breadcrumb","itemListElement":[{"@type":"ListItem","position":1,"name":"Home","item":"https:\/\/watchfaces.co\/fr\/accueil\/"},{"@type":"ListItem","position":2,"name":"Politique de confidentialit\u00e9"}]},{"@type":"WebSite","@id":"https:\/\/watchfaces.co\/fr\/#website","url":"https:\/\/watchfaces.co\/fr\/","name":"Apple Watch Faces\u231a\ufe0f","description":"Designed for You \ud83d\udd25","publisher":{"@id":"https:\/\/watchfaces.co\/fr\/#organization"},"alternateName":"Watchfaces.co","potentialAction":[{"@type":"SearchAction","target":{"@type":"EntryPoint","urlTemplate":"https:\/\/watchfaces.co\/fr\/?s={search_term_string}"},"query-input":{"@type":"PropertyValueSpecification","valueRequired":true,"valueName":"search_term_string"}}],"inLanguage":"fr-FR"},{"@type":"Organization","@id":"https:\/\/watchfaces.co\/fr\/#organization","name":"Watch Faces","alternateName":"Watchfaces.co","url":"https:\/\/watchfaces.co\/fr\/","logo":{"@type":"ImageObject","inLanguage":"fr-FR","@id":"https:\/\/watchfaces.co\/fr\/#\/schema\/logo\/image\/","url":"https:\/\/watchfaces.co\/wp-content\/uploads\/2023\/01\/logo.png","contentUrl":"https:\/\/watchfaces.co\/wp-content\/uploads\/2023\/01\/logo.png","width":380,"height":76,"caption":"Watch Faces"},"image":{"@id":"https:\/\/watchfaces.co\/fr\/#\/schema\/logo\/image\/"},"sameAs":["https:\/\/www.facebook.com\/profile.php?id=100093633757293","https:\/\/x.com\/watchfacesapp","https:\/\/apps.apple.com\/us\/app\/watch-faces-widgets\/id1617064080"],"contactPoint":{"@type":"ContactPoint","contactType":"customer support","url":"https:\/\/watchfaces.co\/contact\/","availableLanguage":"English"},"description":"Watch Faces is the ultimate app for Apple Watch faces, offering a wide selection of customizable and exclusive designs. Easily preview and install watch faces to match your style, including live and dynamic options. Designed for all Apple Watch models, the app lets you personalize your watch with stunning faces and unique complications, enhancing your Apple Watch experience."}]}},"_links":{"self":[{"href":"https:\/\/watchfaces.co\/fr\/wp-json\/wp\/v2\/pages\/12775","targetHints":{"allow":["GET"]}}],"collection":[{"href":"https:\/\/watchfaces.co\/fr\/wp-json\/wp\/v2\/pages"}],"about":[{"href":"https:\/\/watchfaces.co\/fr\/wp-json\/wp\/v2\/types\/page"}],"author":[{"embeddable":true,"href":"https:\/\/watchfaces.co\/fr\/wp-json\/wp\/v2\/users\/2"}],"replies":[{"embeddable":true,"href":"https:\/\/watchfaces.co\/fr\/wp-json\/wp\/v2\/comments?post=12775"}],"version-history":[{"count":0,"href":"https:\/\/watchfaces.co\/fr\/wp-json\/wp\/v2\/pages\/12775\/revisions"}],"wp:attachment":[{"href":"https:\/\/watchfaces.co\/fr\/wp-json\/wp\/v2\/media?parent=12775"}],"curies":[{"name":"wp","href":"https:\/\/api.w.org\/{rel}","templated":true}]}}