{"id":12878,"date":"2023-04-01T20:54:16","date_gmt":"2023-04-01T20:54:16","guid":{"rendered":"https:\/\/watchfaces.co\/politica-de-privacidad\/"},"modified":"2026-03-01T13:57:09","modified_gmt":"2026-03-01T13:57:09","slug":"politica-de-privacidad","status":"publish","type":"page","link":"https:\/\/watchfaces.co\/es\/politica-de-privacidad\/","title":{"rendered":"Pol\u00edtica de Privacidad"},"content":{"rendered":"\n<p>Hyperday MB desarroll\u00f3 la aplicaci\u00f3n Watch Faces  Widgets como una aplicaci\u00f3n Freemium. Este SERVICIO es proporcionado por Hyperday MB sin costo alguno y est\u00e1 destinado a ser utilizado tal como se presenta. <\/p>\n\n<p>Esta p\u00e1gina se utiliza para informar a los visitantes acerca de nuestras pol\u00edticas respecto a la recopilaci\u00f3n, uso y divulgaci\u00f3n de Informaci\u00f3n Personal si alguien decide utilizar nuestro Servicio.<\/p>\n\n<p>Si usted opta por utilizar nuestro Servicio, entonces acepta la recopilaci\u00f3n y uso de informaci\u00f3n en relaci\u00f3n con esta pol\u00edtica. La Informaci\u00f3n Personal que recopilamos se utiliza para proporcionar y mejorar el Servicio. No utilizaremos ni compartiremos su informaci\u00f3n con nadie excepto como se describe en esta Pol\u00edtica de Privacidad.  <\/p>\n\n<p>Los t\u00e9rminos utilizados en esta Pol\u00edtica de Privacidad tienen los mismos significados que en nuestros T\u00e9rminos y Condiciones, los cuales son accesibles en Watch Faces  Widgets, a menos que se defina lo contrario en esta Pol\u00edtica de Privacidad.<\/p>\n\n<p><strong>Recopilaci\u00f3n y Uso de Informaci\u00f3n<\/strong><\/p>\n\n<p>Para una mejor experiencia, al utilizar nuestro Servicio, podr\u00edamos requerir que nos proporcione cierta informaci\u00f3n de identificaci\u00f3n personal. La informaci\u00f3n que solicitamos ser\u00e1 retenida por nosotros y utilizada como se describe en esta pol\u00edtica de privacidad. <\/p>\n\n<p>La aplicaci\u00f3n utiliza servicios de terceros que pueden recopilar informaci\u00f3n utilizada para identificarle.<\/p>\n\n<p>Enlace a la pol\u00edtica de privacidad de los proveedores de servicios de terceros utilizados por la aplicaci\u00f3n<\/p>\n\n<ul class=\"wp-block-list\">\n<li><a href=\"https:\/\/www.google.com\/policies\/privacy\/\" target=\"_blank\" rel=\"noreferrer noopener\">Google Play Services<\/a><\/li>\n\n\n\n<li><a href=\"https:\/\/firebase.google.com\/policies\/analytics\" target=\"_blank\" rel=\"noreferrer noopener\">Google Analytics for Firebase<\/a><\/li>\n\n\n\n<li><a href=\"https:\/\/firebase.google.com\/support\/privacy\/\" target=\"_blank\" rel=\"noreferrer noopener\">Firebase Crashlytics<\/a><\/li>\n\n\n\n<li><a href=\"https:\/\/www.revenuecat.com\/privacy\" target=\"_blank\" rel=\"noreferrer noopener\">RevenueCat<\/a><\/li>\n<\/ul>\n\n<p><strong>Datos de Registro<\/strong><\/p>\n\n<p>Deseamos informarle que cada vez que utiliza nuestro Servicio, en caso de producirse un error en la aplicaci\u00f3n, recopilamos datos e informaci\u00f3n (a trav\u00e9s de productos de terceros) en su tel\u00e9fono denominados Datos de Registro. Estos Datos de Registro pueden incluir informaci\u00f3n como la direcci\u00f3n de Protocolo de Internet (&#8216;IP&#8217;) de su dispositivo, el nombre del dispositivo, la versi\u00f3n del sistema operativo, la configuraci\u00f3n de la aplicaci\u00f3n al utilizar nuestro Servicio, la hora y fecha de su uso del Servicio, y otras estad\u00edsticas. <\/p>\n\n<p><strong>Cookies<\/strong><\/p>\n\n<p>Las cookies son archivos con una peque\u00f1a cantidad de datos que se utilizan com\u00fanmente como identificadores \u00fanicos an\u00f3nimos. Estos se env\u00edan a su navegador desde los sitios web que visita y se almacenan en la memoria interna de su dispositivo. <\/p>\n\n<p>Este Servicio no utiliza estas &#8216;cookies&#8217; de manera expl\u00edcita. Sin embargo, la aplicaci\u00f3n puede utilizar c\u00f3digo y bibliotecas de terceros que empleen &#8216;cookies&#8217; para recopilar informaci\u00f3n y mejorar sus servicios. Usted tiene la opci\u00f3n de aceptar o rechazar estas cookies y conocer cu\u00e1ndo se est\u00e1 enviando una cookie a su dispositivo. Si opta por rechazar nuestras cookies, es posible que no pueda utilizar algunas partes de este Servicio.   <\/p>\n\n<p><strong>Proveedores de Servicios<\/strong><\/p>\n\n<p>Podemos emplear empresas e individuos de terceros debido a las siguientes razones:<\/p>\n\n<ul class=\"wp-block-list\">\n<li>Para facilitar nuestro Servicio;<\/li>\n\n\n\n<li>Para proporcionar el Servicio en nuestro nombre;<\/li>\n\n\n\n<li>Para realizar servicios relacionados con el Servicio; o<\/li>\n\n\n\n<li>Para ayudarnos a analizar c\u00f3mo se utiliza nuestro Servicio.<\/li>\n<\/ul>\n\n<p>Queremos informar a los usuarios de este Servicio que estos terceros tienen acceso a su Informaci\u00f3n Personal. El motivo es realizar las tareas asignadas a ellos en nuestro nombre. Sin embargo, est\u00e1n obligados a no divulgar ni utilizar la informaci\u00f3n para ning\u00fan otro prop\u00f3sito.  <\/p>\n\n<p><strong>Seguridad<\/strong><\/p>\n\n<p>Valoramos su confianza al proporcionarnos su Informaci\u00f3n Personal, por lo tanto, nos esforzamos por utilizar medios comercialmente aceptables para protegerla. Sin embargo, recuerde que ning\u00fan m\u00e9todo de transmisi\u00f3n por Internet o m\u00e9todo de almacenamiento electr\u00f3nico es 100% seguro y confiable, y no podemos garantizar su seguridad absoluta. <\/p>\n\n<p><strong>Enlaces a Otros Sitios<\/strong><\/p>\n\n<p>Este Servicio puede contener enlaces a otros sitios. Si hace clic en un enlace de terceros, ser\u00e1 dirigido a ese sitio. Tenga en cuenta que estos sitios externos no son operados por nosotros. Por lo tanto, le recomendamos encarecidamente que revise la Pol\u00edtica de Privacidad de estos sitios web. No tenemos control ni asumimos responsabilidad alguna por el contenido, las pol\u00edticas de privacidad o las pr\u00e1cticas de sitios o servicios de terceros.    <\/p>\n\n<p><strong>Privacidad de los Ni\u00f1os<\/strong><\/p>\n\n<p>Estos Servicios no est\u00e1n dirigidos a personas menores de 13 a\u00f1os. No recopilamos intencionadamente informaci\u00f3n de identificaci\u00f3n personal de menores de 13 a\u00f1os. En caso de que descubramos que un menor de 13 a\u00f1os nos ha proporcionado informaci\u00f3n personal, procedemos a eliminarla inmediatamente de nuestros servidores. Si usted es padre o tutor y tiene conocimiento de que su hijo ha proporcionado informaci\u00f3n personal, le rogamos que se ponga en contacto con nosotros para que podamos tomar las medidas necesarias.   <\/p>\n\n<p><strong>Retenci\u00f3n de Datos<\/strong><\/p>\n\n<p>Conservaremos su Informaci\u00f3n Personal durante el tiempo necesario para proporcionarle el Servicio y para los fines establecidos en esta Pol\u00edtica de Privacidad, o hasta que usted solicite la eliminaci\u00f3n de su Informaci\u00f3n Personal.<\/p>\n\n<p><strong>Modificaciones a esta Pol\u00edtica de Privacidad<\/strong><\/p>\n\n<p>Podemos actualizar nuestra Pol\u00edtica de Privacidad peri\u00f3dicamente. Por consiguiente, se le aconseja revisar esta p\u00e1gina con regularidad para detectar cualquier cambio. Le notificaremos cualquier modificaci\u00f3n mediante la publicaci\u00f3n de la nueva Pol\u00edtica de Privacidad en esta p\u00e1gina.  <\/p>\n\n<p>Esta pol\u00edtica entra en vigor a partir del 01-04-2023<\/p>\n\n<p><strong>Cont\u00e1ctenos<\/strong><\/p>\n\n<p>Si tiene alguna pregunta o sugerencia sobre nuestra Pol\u00edtica de Privacidad, no dude en ponerse en contacto con nosotros en hello@watchfaces.co.<\/p>\n","protected":false},"excerpt":{"rendered":"<p>Hyperday MB desarroll\u00f3 la aplicaci\u00f3n Watch Faces Widgets como una aplicaci\u00f3n Freemium.<\/p>\n","protected":false},"author":2,"featured_media":0,"parent":0,"menu_order":0,"comment_status":"closed","ping_status":"closed","template":"","meta":{"_acf_changed":false,"footnotes":""},"class_list":["post-12878","page","type-page","status-publish","hentry","entry"],"acf":[],"yoast_head":"<!-- This site is optimized with the Yoast SEO Premium plugin v27.3 (Yoast SEO v27.4) - https:\/\/yoast.com\/product\/yoast-seo-premium-wordpress\/ -->\n<title>Pol\u00edtica de Privacidad | Watch Faces for Apple Watch<\/title>\n<meta name=\"description\" content=\"Esta p\u00e1gina se utiliza para informar a los visitantes acerca de nuestras pol\u00edticas respecto a la recopilaci\u00f3n, uso y divulgaci\u00f3n de Informaci\u00f3n Personal si alguien decide utilizar nuestro Servicio.\" \/>\n<meta name=\"robots\" content=\"noindex, nofollow\" \/>\n<meta property=\"og:locale\" content=\"es_ES\" \/>\n<meta property=\"og:type\" content=\"article\" \/>\n<meta property=\"og:title\" content=\"Pol\u00edtica de Privacidad\" \/>\n<meta property=\"og:description\" content=\"Explore our collection of stunning Apple Watch faces. Find the perfect watch face to customize your Apple Watch style and personality.\" \/>\n<meta property=\"og:url\" content=\"https:\/\/watchfaces.co\/es\/politica-de-privacidad\/\" \/>\n<meta property=\"og:site_name\" content=\"Watch Faces for Apple Watch\" \/>\n<meta property=\"article:publisher\" content=\"https:\/\/www.facebook.com\/profile.php?id=100093633757293\" \/>\n<meta property=\"article:modified_time\" content=\"2026-03-01T13:57:09+00:00\" \/>\n<meta property=\"og:image\" content=\"https:\/\/watchfaces.co\/wp-content\/uploads\/2023\/01\/apple-watch-faces-1.png\" \/>\n\t<meta property=\"og:image:width\" content=\"1200\" \/>\n\t<meta property=\"og:image:height\" content=\"675\" \/>\n\t<meta property=\"og:image:type\" content=\"image\/png\" \/>\n<meta name=\"twitter:card\" content=\"summary_large_image\" \/>\n<meta name=\"twitter:site\" content=\"@watchfacesapp\" \/>\n<meta name=\"twitter:label1\" content=\"Tiempo de lectura\" \/>\n\t<meta name=\"twitter:data1\" content=\"5 minutos\" \/>\n<script type=\"application\/ld+json\" class=\"yoast-schema-graph\">{\"@context\":\"https:\\\/\\\/schema.org\",\"@graph\":[{\"@type\":\"WebPage\",\"@id\":\"https:\\\/\\\/watchfaces.co\\\/es\\\/politica-de-privacidad\\\/\",\"url\":\"https:\\\/\\\/watchfaces.co\\\/es\\\/politica-de-privacidad\\\/\",\"name\":\"Pol\u00edtica de Privacidad | Watch Faces for Apple Watch\",\"isPartOf\":{\"@id\":\"https:\\\/\\\/watchfaces.co\\\/es\\\/#website\"},\"datePublished\":\"2023-04-01T20:54:16+00:00\",\"dateModified\":\"2026-03-01T13:57:09+00:00\",\"description\":\"Esta p\u00e1gina se utiliza para informar a los visitantes acerca de nuestras pol\u00edticas respecto a la recopilaci\u00f3n, uso y divulgaci\u00f3n de Informaci\u00f3n Personal si alguien decide utilizar nuestro Servicio.\",\"breadcrumb\":{\"@id\":\"https:\\\/\\\/watchfaces.co\\\/es\\\/politica-de-privacidad\\\/#breadcrumb\"},\"inLanguage\":\"es\",\"potentialAction\":[{\"@type\":\"ReadAction\",\"target\":[\"https:\\\/\\\/watchfaces.co\\\/es\\\/politica-de-privacidad\\\/\"]}]},{\"@type\":\"BreadcrumbList\",\"@id\":\"https:\\\/\\\/watchfaces.co\\\/es\\\/politica-de-privacidad\\\/#breadcrumb\",\"itemListElement\":[{\"@type\":\"ListItem\",\"position\":1,\"name\":\"Home\",\"item\":\"https:\\\/\\\/watchfaces.co\\\/es\\\/inicio\\\/\"},{\"@type\":\"ListItem\",\"position\":2,\"name\":\"Pol\u00edtica de Privacidad\"}]},{\"@type\":\"WebSite\",\"@id\":\"https:\\\/\\\/watchfaces.co\\\/es\\\/#website\",\"url\":\"https:\\\/\\\/watchfaces.co\\\/es\\\/\",\"name\":\"Apple Watch Faces\u231a\ufe0f\",\"description\":\"Designed for You \ud83d\udd25\",\"publisher\":{\"@id\":\"https:\\\/\\\/watchfaces.co\\\/es\\\/#organization\"},\"alternateName\":\"Watchfaces.co\",\"potentialAction\":[{\"@type\":\"SearchAction\",\"target\":{\"@type\":\"EntryPoint\",\"urlTemplate\":\"https:\\\/\\\/watchfaces.co\\\/es\\\/?s={search_term_string}\"},\"query-input\":{\"@type\":\"PropertyValueSpecification\",\"valueRequired\":true,\"valueName\":\"search_term_string\"}}],\"inLanguage\":\"es\"},{\"@type\":\"Organization\",\"@id\":\"https:\\\/\\\/watchfaces.co\\\/es\\\/#organization\",\"name\":\"Watch Faces\",\"alternateName\":\"Watchfaces.co\",\"url\":\"https:\\\/\\\/watchfaces.co\\\/es\\\/\",\"logo\":{\"@type\":\"ImageObject\",\"inLanguage\":\"es\",\"@id\":\"https:\\\/\\\/watchfaces.co\\\/es\\\/#\\\/schema\\\/logo\\\/image\\\/\",\"url\":\"https:\\\/\\\/watchfaces.co\\\/wp-content\\\/uploads\\\/2023\\\/01\\\/logo.png\",\"contentUrl\":\"https:\\\/\\\/watchfaces.co\\\/wp-content\\\/uploads\\\/2023\\\/01\\\/logo.png\",\"width\":380,\"height\":76,\"caption\":\"Watch Faces\"},\"image\":{\"@id\":\"https:\\\/\\\/watchfaces.co\\\/es\\\/#\\\/schema\\\/logo\\\/image\\\/\"},\"sameAs\":[\"https:\\\/\\\/www.facebook.com\\\/profile.php?id=100093633757293\",\"https:\\\/\\\/x.com\\\/watchfacesapp\",\"https:\\\/\\\/apps.apple.com\\\/us\\\/app\\\/watch-faces-widgets\\\/id1617064080\"],\"contactPoint\":{\"@type\":\"ContactPoint\",\"contactType\":\"customer support\",\"url\":\"https:\\\/\\\/watchfaces.co\\\/contact\\\/\",\"availableLanguage\":\"English\"},\"description\":\"Watch Faces is the ultimate app for Apple Watch faces, offering a wide selection of customizable and exclusive designs. Easily preview and install watch faces to match your style, including live and dynamic options. Designed for all Apple Watch models, the app lets you personalize your watch with stunning faces and unique complications, enhancing your Apple Watch experience.\"}]}<\/script>\n<!-- \/ Yoast SEO Premium plugin. -->","yoast_head_json":{"title":"Pol\u00edtica de Privacidad | Watch Faces for Apple Watch","description":"Esta p\u00e1gina se utiliza para informar a los visitantes acerca de nuestras pol\u00edticas respecto a la recopilaci\u00f3n, uso y divulgaci\u00f3n de Informaci\u00f3n Personal si alguien decide utilizar nuestro Servicio.","robots":{"index":"noindex","follow":"nofollow"},"og_locale":"es_ES","og_type":"article","og_title":"Pol\u00edtica de Privacidad","og_description":"Explore our collection of stunning Apple Watch faces. Find the perfect watch face to customize your Apple Watch style and personality.","og_url":"https:\/\/watchfaces.co\/es\/politica-de-privacidad\/","og_site_name":"Watch Faces for Apple Watch","article_publisher":"https:\/\/www.facebook.com\/profile.php?id=100093633757293","article_modified_time":"2026-03-01T13:57:09+00:00","og_image":[{"width":1200,"height":675,"url":"https:\/\/watchfaces.co\/wp-content\/uploads\/2023\/01\/apple-watch-faces-1.png","type":"image\/png"}],"twitter_card":"summary_large_image","twitter_site":"@watchfacesapp","twitter_misc":{"Tiempo de lectura":"5 minutos"},"schema":{"@context":"https:\/\/schema.org","@graph":[{"@type":"WebPage","@id":"https:\/\/watchfaces.co\/es\/politica-de-privacidad\/","url":"https:\/\/watchfaces.co\/es\/politica-de-privacidad\/","name":"Pol\u00edtica de Privacidad | Watch Faces for Apple Watch","isPartOf":{"@id":"https:\/\/watchfaces.co\/es\/#website"},"datePublished":"2023-04-01T20:54:16+00:00","dateModified":"2026-03-01T13:57:09+00:00","description":"Esta p\u00e1gina se utiliza para informar a los visitantes acerca de nuestras pol\u00edticas respecto a la recopilaci\u00f3n, uso y divulgaci\u00f3n de Informaci\u00f3n Personal si alguien decide utilizar nuestro Servicio.","breadcrumb":{"@id":"https:\/\/watchfaces.co\/es\/politica-de-privacidad\/#breadcrumb"},"inLanguage":"es","potentialAction":[{"@type":"ReadAction","target":["https:\/\/watchfaces.co\/es\/politica-de-privacidad\/"]}]},{"@type":"BreadcrumbList","@id":"https:\/\/watchfaces.co\/es\/politica-de-privacidad\/#breadcrumb","itemListElement":[{"@type":"ListItem","position":1,"name":"Home","item":"https:\/\/watchfaces.co\/es\/inicio\/"},{"@type":"ListItem","position":2,"name":"Pol\u00edtica de Privacidad"}]},{"@type":"WebSite","@id":"https:\/\/watchfaces.co\/es\/#website","url":"https:\/\/watchfaces.co\/es\/","name":"Apple Watch Faces\u231a\ufe0f","description":"Designed for You \ud83d\udd25","publisher":{"@id":"https:\/\/watchfaces.co\/es\/#organization"},"alternateName":"Watchfaces.co","potentialAction":[{"@type":"SearchAction","target":{"@type":"EntryPoint","urlTemplate":"https:\/\/watchfaces.co\/es\/?s={search_term_string}"},"query-input":{"@type":"PropertyValueSpecification","valueRequired":true,"valueName":"search_term_string"}}],"inLanguage":"es"},{"@type":"Organization","@id":"https:\/\/watchfaces.co\/es\/#organization","name":"Watch Faces","alternateName":"Watchfaces.co","url":"https:\/\/watchfaces.co\/es\/","logo":{"@type":"ImageObject","inLanguage":"es","@id":"https:\/\/watchfaces.co\/es\/#\/schema\/logo\/image\/","url":"https:\/\/watchfaces.co\/wp-content\/uploads\/2023\/01\/logo.png","contentUrl":"https:\/\/watchfaces.co\/wp-content\/uploads\/2023\/01\/logo.png","width":380,"height":76,"caption":"Watch Faces"},"image":{"@id":"https:\/\/watchfaces.co\/es\/#\/schema\/logo\/image\/"},"sameAs":["https:\/\/www.facebook.com\/profile.php?id=100093633757293","https:\/\/x.com\/watchfacesapp","https:\/\/apps.apple.com\/us\/app\/watch-faces-widgets\/id1617064080"],"contactPoint":{"@type":"ContactPoint","contactType":"customer support","url":"https:\/\/watchfaces.co\/contact\/","availableLanguage":"English"},"description":"Watch Faces is the ultimate app for Apple Watch faces, offering a wide selection of customizable and exclusive designs. Easily preview and install watch faces to match your style, including live and dynamic options. Designed for all Apple Watch models, the app lets you personalize your watch with stunning faces and unique complications, enhancing your Apple Watch experience."}]}},"_links":{"self":[{"href":"https:\/\/watchfaces.co\/es\/wp-json\/wp\/v2\/pages\/12878","targetHints":{"allow":["GET"]}}],"collection":[{"href":"https:\/\/watchfaces.co\/es\/wp-json\/wp\/v2\/pages"}],"about":[{"href":"https:\/\/watchfaces.co\/es\/wp-json\/wp\/v2\/types\/page"}],"author":[{"embeddable":true,"href":"https:\/\/watchfaces.co\/es\/wp-json\/wp\/v2\/users\/2"}],"replies":[{"embeddable":true,"href":"https:\/\/watchfaces.co\/es\/wp-json\/wp\/v2\/comments?post=12878"}],"version-history":[{"count":0,"href":"https:\/\/watchfaces.co\/es\/wp-json\/wp\/v2\/pages\/12878\/revisions"}],"wp:attachment":[{"href":"https:\/\/watchfaces.co\/es\/wp-json\/wp\/v2\/media?parent=12878"}],"curies":[{"name":"wp","href":"https:\/\/api.w.org\/{rel}","templated":true}]}}