{"id":12901,"date":"2023-04-01T21:10:40","date_gmt":"2023-04-01T21:10:40","guid":{"rendered":"https:\/\/watchfaces.co\/terminos-y-condiciones\/"},"modified":"2025-03-14T16:16:28","modified_gmt":"2025-03-14T16:16:28","slug":"terminos-y-condiciones","status":"publish","type":"page","link":"https:\/\/watchfaces.co\/es-mx\/terminos-y-condiciones\/","title":{"rendered":"T\u00e9rminos y condiciones"},"content":{"rendered":"\n<p>Al descargar o utilizar la aplicaci\u00f3n, estos t\u00e9rminos se aplicar\u00e1n autom\u00e1ticamente a usted; por lo tanto, debe asegurarse de leerlos cuidadosamente antes de utilizar la aplicaci\u00f3n. No se le permite copiar o modificar la aplicaci\u00f3n, ninguna parte de la misma, o nuestras marcas comerciales de ninguna manera. No se le permite intentar extraer el c\u00f3digo fuente de la aplicaci\u00f3n, y tampoco debe intentar traducir la aplicaci\u00f3n a otros idiomas o hacer versiones derivadas. La aplicaci\u00f3n en s\u00ed, y todos los derechos de marca, derechos de autor, derechos de base de datos y otros derechos de propiedad intelectual relacionados con ella, siguen perteneciendo a Hyperday MB.   <\/p>\n\n<p>Hyperday MB se compromete a garantizar que la aplicaci\u00f3n sea lo m\u00e1s \u00fatil y eficiente posible. Por ese motivo, nos reservamos el derecho de realizar cambios en la aplicaci\u00f3n o de cobrar por sus servicios, en cualquier momento y por cualquier raz\u00f3n. Nunca le cobraremos por la aplicaci\u00f3n o sus servicios sin dejarle muy claro exactamente por qu\u00e9 est\u00e1 pagando.  <\/p>\n\n<p>La aplicaci\u00f3n Watch Faces  Widgets almacena y procesa datos personales que usted nos ha proporcionado para prestar nuestro Servicio. Es su responsabilidad mantener su tel\u00e9fono y el acceso a la aplicaci\u00f3n seguros. Por lo tanto, le recomendamos que no realice jailbreak o rooteo de su tel\u00e9fono, que es el proceso de eliminar las restricciones y limitaciones de software impuestas por el sistema operativo oficial de su dispositivo. Hacerlo podr\u00eda hacer que su tel\u00e9fono sea vulnerable a malware\/virus\/programas maliciosos, comprometer las funciones de seguridad de su tel\u00e9fono y puede resultar en que la aplicaci\u00f3n Watch Faces  Widgets no funcione correctamente o en absoluto.   <\/p>\n\n<p>La aplicaci\u00f3n utiliza servicios de terceros que declaran sus propios t\u00e9rminos y condiciones.<\/p>\n\n<p>Enlaces a los t\u00e9rminos y condiciones de los proveedores de servicios de terceros utilizados por la aplicaci\u00f3n:<\/p>\n\n<ul class=\"wp-block-list\">\n<li><a href=\"https:\/\/policies.google.com\/terms\" target=\"_blank\" rel=\"noreferrer noopener\">Google Play Services<\/a><\/li>\n\n\n\n<li><a href=\"https:\/\/firebase.google.com\/terms\/analytics\" target=\"_blank\" rel=\"noreferrer noopener\">Google Analytics para Firebase<\/a><\/li>\n\n\n\n<li><a href=\"https:\/\/firebase.google.com\/terms\/crashlytics\" target=\"_blank\" rel=\"noreferrer noopener\">Firebase Crashlytics<\/a><\/li>\n\n\n\n<li><a href=\"https:\/\/www.revenuecat.com\/terms\" target=\"_blank\" rel=\"noreferrer noopener\">RevenueCat<\/a><\/li>\n<\/ul>\n\n<p>Debe ser consciente de que hay ciertas cosas de las que Hyperday MB no se responsabilizar\u00e1. Algunas funciones de la aplicaci\u00f3n requerir\u00e1n que la aplicaci\u00f3n tenga una conexi\u00f3n a Internet activa. La conexi\u00f3n puede ser Wi-Fi o proporcionada por su proveedor de red m\u00f3vil, pero Hyperday MB no puede asumir la responsabilidad de que la aplicaci\u00f3n no funcione con plena funcionalidad si no tiene acceso a Wi-Fi y no le queda nada de su asignaci\u00f3n de datos.  <\/p>\n\n<p>Si est\u00e1 utilizando la aplicaci\u00f3n fuera de un \u00e1rea con Wi-Fi, debe recordar que los t\u00e9rminos del acuerdo con su proveedor de red m\u00f3vil seguir\u00e1n aplic\u00e1ndose. Como resultado, es posible que su proveedor m\u00f3vil le cobre por el costo de los datos durante la duraci\u00f3n de la conexi\u00f3n mientras accede a la aplicaci\u00f3n, o por otros cargos de terceros. Al utilizar la aplicaci\u00f3n, usted acepta la responsabilidad de dichos cargos, incluidos los cargos de datos en itinerancia si utiliza la aplicaci\u00f3n fuera de su territorio de origen (es decir, regi\u00f3n o pa\u00eds) sin desactivar la itinerancia de datos. Si usted no es el pagador de la factura del dispositivo en el que est\u00e1 utilizando la aplicaci\u00f3n, tenga en cuenta que asumimos que ha recibido permiso del pagador de la factura para utilizar la aplicaci\u00f3n.   <\/p>\n\n<p>En la misma l\u00ednea, Hyperday MB no siempre puede asumir la responsabilidad por la forma en que usted utiliza la aplicaci\u00f3n. Debe asegurarse de que su dispositivo permanezca cargado; si se queda sin bater\u00eda y no puede encenderlo para utilizar el Servicio, Hyperday MB no puede aceptar la responsabilidad. <\/p>\n\n<p>Con respecto a la responsabilidad de Hyperday MB por su uso de la aplicaci\u00f3n, cuando est\u00e9 utilizando la aplicaci\u00f3n, es importante tener en cuenta que, aunque nos esforzamos por garantizar que est\u00e9 actualizada y sea correcta en todo momento, dependemos de terceros para que nos proporcionen informaci\u00f3n para que podamos ponerla a su disposici\u00f3n. Hyperday MB no acepta ninguna responsabilidad por cualquier p\u00e9rdida, directa o indirecta, que usted experimente como resultado de confiar totalmente en esta funcionalidad de la aplicaci\u00f3n. <\/p>\n\n<p>Es posible que ocasionalmente actualicemos la aplicaci\u00f3n. Actualmente, la aplicaci\u00f3n est\u00e1 disponible en iOS; los requisitos del sistema (y de cualquier sistema adicional al que decidamos extender la disponibilidad de la aplicaci\u00f3n) pueden cambiar, y usted deber\u00e1 descargar las actualizaciones si desea seguir utilizando la aplicaci\u00f3n. Hyperday MB no garantiza que siempre actualizar\u00e1 la aplicaci\u00f3n para que sea relevante para usted y\/o funcione con la versi\u00f3n de iOS que tiene instalada en su dispositivo. Sin embargo, usted se compromete a aceptar siempre las actualizaciones de la aplicaci\u00f3n cuando se le ofrezcan. Tambi\u00e9n podr\u00edamos desear dejar de proporcionar la aplicaci\u00f3n y podr\u00edamos terminar su uso en cualquier momento sin notificarle la terminaci\u00f3n. A menos que le indiquemos lo contrario, ante cualquier terminaci\u00f3n, (a) los derechos y licencias que se le otorgan en estos t\u00e9rminos finalizar\u00e1n; (b) usted debe dejar de utilizar la aplicaci\u00f3n y (si es necesario) eliminarla de su dispositivo.       <\/p>\n\n<p><strong>Modificaciones a estos T\u00e9rminos y Condiciones<\/strong><\/p>\n\n<p>Podr\u00edamos actualizar nuestros T\u00e9rminos y Condiciones peri\u00f3dicamente. Por lo tanto, se le aconseja revisar esta p\u00e1gina peri\u00f3dicamente para detectar cualquier cambio. Le notificaremos cualquier modificaci\u00f3n publicando los nuevos T\u00e9rminos y Condiciones en esta p\u00e1gina.  <\/p>\n\n<p>Estos t\u00e9rminos y condiciones entran en vigencia a partir del 01-04-2023.<\/p>\n\n<p><strong>Cont\u00e1ctenos<\/strong><\/p>\n\n<p>Si tiene alguna pregunta o sugerencia sobre nuestros T\u00e9rminos y Condiciones, no dude en ponerse en contacto con nosotros en hello@watchfaces.co.<\/p>\n","protected":false},"excerpt":{"rendered":"<p>Al descargar o utilizar la aplicaci\u00f3n, estos t\u00e9rminos se aplicar\u00e1n autom\u00e1ticamente a usted; por lo tanto, debe asegurarse de leerlos cuidadosamente antes de utilizar la aplicaci\u00f3n.<\/p>\n","protected":false},"author":2,"featured_media":0,"parent":0,"menu_order":0,"comment_status":"closed","ping_status":"closed","template":"","meta":{"_acf_changed":false,"footnotes":""},"class_list":["post-12901","page","type-page","status-publish","hentry","entry"],"acf":[],"yoast_head":"<!-- This site is optimized with the Yoast SEO Premium plugin v27.4 (Yoast SEO v27.4) - https:\/\/yoast.com\/product\/yoast-seo-premium-wordpress\/ -->\n<title>T\u00e9rminos y condiciones | Watch Faces for Apple Watch<\/title>\n<meta name=\"description\" content=\"Lea nuestros t\u00e9rminos y condiciones para comprender las normas que rigen el uso de nuestra aplicaci\u00f3n Watch Faces Widgets, sus derechos, obligaciones y limitaciones como usuario.\" \/>\n<meta name=\"robots\" content=\"noindex, nofollow\" \/>\n<meta property=\"og:locale\" content=\"es_MX\" \/>\n<meta property=\"og:type\" content=\"article\" \/>\n<meta property=\"og:title\" content=\"T\u00e9rminos y condiciones\" \/>\n<meta property=\"og:description\" content=\"Explore our collection of stunning Apple Watch faces. Find the perfect watch face to customize your Apple Watch style and personality.\" \/>\n<meta property=\"og:url\" content=\"https:\/\/watchfaces.co\/es-mx\/terminos-y-condiciones\/\" \/>\n<meta property=\"og:site_name\" content=\"Watch Faces for Apple Watch\" \/>\n<meta property=\"article:publisher\" content=\"https:\/\/www.facebook.com\/profile.php?id=100093633757293\" \/>\n<meta property=\"article:modified_time\" content=\"2025-03-14T16:16:28+00:00\" \/>\n<meta property=\"og:image\" content=\"https:\/\/watchfaces.co\/wp-content\/uploads\/2023\/01\/apple-watch-faces-1.png\" \/>\n\t<meta property=\"og:image:width\" content=\"1200\" \/>\n\t<meta property=\"og:image:height\" content=\"675\" \/>\n\t<meta property=\"og:image:type\" content=\"image\/png\" \/>\n<meta name=\"twitter:card\" content=\"summary_large_image\" \/>\n<meta name=\"twitter:site\" content=\"@watchfacesapp\" \/>\n<meta name=\"twitter:label1\" content=\"Tiempo de lectura\" \/>\n\t<meta name=\"twitter:data1\" content=\"5 minutos\" \/>\n<script type=\"application\/ld+json\" class=\"yoast-schema-graph\">{\"@context\":\"https:\\\/\\\/schema.org\",\"@graph\":[{\"@type\":\"WebPage\",\"@id\":\"https:\\\/\\\/watchfaces.co\\\/es-mx\\\/terminos-y-condiciones\\\/\",\"url\":\"https:\\\/\\\/watchfaces.co\\\/es-mx\\\/terminos-y-condiciones\\\/\",\"name\":\"T\u00e9rminos y condiciones | Watch Faces for Apple Watch\",\"isPartOf\":{\"@id\":\"https:\\\/\\\/watchfaces.co\\\/es-mx\\\/#website\"},\"datePublished\":\"2023-04-01T21:10:40+00:00\",\"dateModified\":\"2025-03-14T16:16:28+00:00\",\"description\":\"Lea nuestros t\u00e9rminos y condiciones para comprender las normas que rigen el uso de nuestra aplicaci\u00f3n Watch Faces Widgets, sus derechos, obligaciones y limitaciones como usuario.\",\"breadcrumb\":{\"@id\":\"https:\\\/\\\/watchfaces.co\\\/es-mx\\\/terminos-y-condiciones\\\/#breadcrumb\"},\"inLanguage\":\"es\",\"potentialAction\":[{\"@type\":\"ReadAction\",\"target\":[\"https:\\\/\\\/watchfaces.co\\\/es-mx\\\/terminos-y-condiciones\\\/\"]}]},{\"@type\":\"BreadcrumbList\",\"@id\":\"https:\\\/\\\/watchfaces.co\\\/es-mx\\\/terminos-y-condiciones\\\/#breadcrumb\",\"itemListElement\":[{\"@type\":\"ListItem\",\"position\":1,\"name\":\"Home\",\"item\":\"https:\\\/\\\/watchfaces.co\\\/es-mx\\\/inicio\\\/\"},{\"@type\":\"ListItem\",\"position\":2,\"name\":\"T\u00e9rminos y condiciones\"}]},{\"@type\":\"WebSite\",\"@id\":\"https:\\\/\\\/watchfaces.co\\\/es-mx\\\/#website\",\"url\":\"https:\\\/\\\/watchfaces.co\\\/es-mx\\\/\",\"name\":\"Apple Watch Faces\u231a\ufe0f\",\"description\":\"Designed for You \ud83d\udd25\",\"publisher\":{\"@id\":\"https:\\\/\\\/watchfaces.co\\\/es-mx\\\/#organization\"},\"alternateName\":\"Watchfaces.co\",\"potentialAction\":[{\"@type\":\"SearchAction\",\"target\":{\"@type\":\"EntryPoint\",\"urlTemplate\":\"https:\\\/\\\/watchfaces.co\\\/es-mx\\\/?s={search_term_string}\"},\"query-input\":{\"@type\":\"PropertyValueSpecification\",\"valueRequired\":true,\"valueName\":\"search_term_string\"}}],\"inLanguage\":\"es\"},{\"@type\":\"Organization\",\"@id\":\"https:\\\/\\\/watchfaces.co\\\/es-mx\\\/#organization\",\"name\":\"Watch Faces\",\"alternateName\":\"Watchfaces.co\",\"url\":\"https:\\\/\\\/watchfaces.co\\\/es-mx\\\/\",\"logo\":{\"@type\":\"ImageObject\",\"inLanguage\":\"es\",\"@id\":\"https:\\\/\\\/watchfaces.co\\\/es-mx\\\/#\\\/schema\\\/logo\\\/image\\\/\",\"url\":\"https:\\\/\\\/watchfaces.co\\\/wp-content\\\/uploads\\\/2023\\\/01\\\/logo.png\",\"contentUrl\":\"https:\\\/\\\/watchfaces.co\\\/wp-content\\\/uploads\\\/2023\\\/01\\\/logo.png\",\"width\":380,\"height\":76,\"caption\":\"Watch Faces\"},\"image\":{\"@id\":\"https:\\\/\\\/watchfaces.co\\\/es-mx\\\/#\\\/schema\\\/logo\\\/image\\\/\"},\"sameAs\":[\"https:\\\/\\\/www.facebook.com\\\/profile.php?id=100093633757293\",\"https:\\\/\\\/x.com\\\/watchfacesapp\",\"https:\\\/\\\/apps.apple.com\\\/us\\\/app\\\/watch-faces-widgets\\\/id1617064080\"],\"contactPoint\":{\"@type\":\"ContactPoint\",\"contactType\":\"customer support\",\"url\":\"https:\\\/\\\/watchfaces.co\\\/contact\\\/\",\"availableLanguage\":\"English\"},\"description\":\"Watch Faces is the ultimate app for Apple Watch faces, offering a wide selection of customizable and exclusive designs. Easily preview and install watch faces to match your style, including live and dynamic options. Designed for all Apple Watch models, the app lets you personalize your watch with stunning faces and unique complications, enhancing your Apple Watch experience.\"}]}<\/script>\n<!-- \/ Yoast SEO Premium plugin. -->","yoast_head_json":{"title":"T\u00e9rminos y condiciones | Watch Faces for Apple Watch","description":"Lea nuestros t\u00e9rminos y condiciones para comprender las normas que rigen el uso de nuestra aplicaci\u00f3n Watch Faces Widgets, sus derechos, obligaciones y limitaciones como usuario.","robots":{"index":"noindex","follow":"nofollow"},"og_locale":"es_MX","og_type":"article","og_title":"T\u00e9rminos y condiciones","og_description":"Explore our collection of stunning Apple Watch faces. Find the perfect watch face to customize your Apple Watch style and personality.","og_url":"https:\/\/watchfaces.co\/es-mx\/terminos-y-condiciones\/","og_site_name":"Watch Faces for Apple Watch","article_publisher":"https:\/\/www.facebook.com\/profile.php?id=100093633757293","article_modified_time":"2025-03-14T16:16:28+00:00","og_image":[{"width":1200,"height":675,"url":"https:\/\/watchfaces.co\/wp-content\/uploads\/2023\/01\/apple-watch-faces-1.png","type":"image\/png"}],"twitter_card":"summary_large_image","twitter_site":"@watchfacesapp","twitter_misc":{"Tiempo de lectura":"5 minutos"},"schema":{"@context":"https:\/\/schema.org","@graph":[{"@type":"WebPage","@id":"https:\/\/watchfaces.co\/es-mx\/terminos-y-condiciones\/","url":"https:\/\/watchfaces.co\/es-mx\/terminos-y-condiciones\/","name":"T\u00e9rminos y condiciones | Watch Faces for Apple Watch","isPartOf":{"@id":"https:\/\/watchfaces.co\/es-mx\/#website"},"datePublished":"2023-04-01T21:10:40+00:00","dateModified":"2025-03-14T16:16:28+00:00","description":"Lea nuestros t\u00e9rminos y condiciones para comprender las normas que rigen el uso de nuestra aplicaci\u00f3n Watch Faces Widgets, sus derechos, obligaciones y limitaciones como usuario.","breadcrumb":{"@id":"https:\/\/watchfaces.co\/es-mx\/terminos-y-condiciones\/#breadcrumb"},"inLanguage":"es","potentialAction":[{"@type":"ReadAction","target":["https:\/\/watchfaces.co\/es-mx\/terminos-y-condiciones\/"]}]},{"@type":"BreadcrumbList","@id":"https:\/\/watchfaces.co\/es-mx\/terminos-y-condiciones\/#breadcrumb","itemListElement":[{"@type":"ListItem","position":1,"name":"Home","item":"https:\/\/watchfaces.co\/es-mx\/inicio\/"},{"@type":"ListItem","position":2,"name":"T\u00e9rminos y condiciones"}]},{"@type":"WebSite","@id":"https:\/\/watchfaces.co\/es-mx\/#website","url":"https:\/\/watchfaces.co\/es-mx\/","name":"Apple Watch Faces\u231a\ufe0f","description":"Designed for You \ud83d\udd25","publisher":{"@id":"https:\/\/watchfaces.co\/es-mx\/#organization"},"alternateName":"Watchfaces.co","potentialAction":[{"@type":"SearchAction","target":{"@type":"EntryPoint","urlTemplate":"https:\/\/watchfaces.co\/es-mx\/?s={search_term_string}"},"query-input":{"@type":"PropertyValueSpecification","valueRequired":true,"valueName":"search_term_string"}}],"inLanguage":"es"},{"@type":"Organization","@id":"https:\/\/watchfaces.co\/es-mx\/#organization","name":"Watch Faces","alternateName":"Watchfaces.co","url":"https:\/\/watchfaces.co\/es-mx\/","logo":{"@type":"ImageObject","inLanguage":"es","@id":"https:\/\/watchfaces.co\/es-mx\/#\/schema\/logo\/image\/","url":"https:\/\/watchfaces.co\/wp-content\/uploads\/2023\/01\/logo.png","contentUrl":"https:\/\/watchfaces.co\/wp-content\/uploads\/2023\/01\/logo.png","width":380,"height":76,"caption":"Watch Faces"},"image":{"@id":"https:\/\/watchfaces.co\/es-mx\/#\/schema\/logo\/image\/"},"sameAs":["https:\/\/www.facebook.com\/profile.php?id=100093633757293","https:\/\/x.com\/watchfacesapp","https:\/\/apps.apple.com\/us\/app\/watch-faces-widgets\/id1617064080"],"contactPoint":{"@type":"ContactPoint","contactType":"customer support","url":"https:\/\/watchfaces.co\/contact\/","availableLanguage":"English"},"description":"Watch Faces is the ultimate app for Apple Watch faces, offering a wide selection of customizable and exclusive designs. Easily preview and install watch faces to match your style, including live and dynamic options. Designed for all Apple Watch models, the app lets you personalize your watch with stunning faces and unique complications, enhancing your Apple Watch experience."}]}},"_links":{"self":[{"href":"https:\/\/watchfaces.co\/es-mx\/wp-json\/wp\/v2\/pages\/12901","targetHints":{"allow":["GET"]}}],"collection":[{"href":"https:\/\/watchfaces.co\/es-mx\/wp-json\/wp\/v2\/pages"}],"about":[{"href":"https:\/\/watchfaces.co\/es-mx\/wp-json\/wp\/v2\/types\/page"}],"author":[{"embeddable":true,"href":"https:\/\/watchfaces.co\/es-mx\/wp-json\/wp\/v2\/users\/2"}],"replies":[{"embeddable":true,"href":"https:\/\/watchfaces.co\/es-mx\/wp-json\/wp\/v2\/comments?post=12901"}],"version-history":[{"count":0,"href":"https:\/\/watchfaces.co\/es-mx\/wp-json\/wp\/v2\/pages\/12901\/revisions"}],"wp:attachment":[{"href":"https:\/\/watchfaces.co\/es-mx\/wp-json\/wp\/v2\/media?parent=12901"}],"curies":[{"name":"wp","href":"https:\/\/api.w.org\/{rel}","templated":true}]}}