{"id":12879,"date":"2023-04-01T21:10:40","date_gmt":"2023-04-01T21:10:40","guid":{"rendered":"https:\/\/watchfaces.co\/allgemeine-geschaeftsbedingungen\/"},"modified":"2025-03-14T16:14:45","modified_gmt":"2025-03-14T16:14:45","slug":"allgemeine-geschaeftsbedingungen","status":"publish","type":"page","link":"https:\/\/watchfaces.co\/de\/allgemeine-geschaeftsbedingungen\/","title":{"rendered":"Allgemeine Gesch\u00e4ftsbedingungen"},"content":{"rendered":"\n<p>Durch das Herunterladen oder die Nutzung der Anwendung gelten diese Bedingungen automatisch f\u00fcr Sie \u2013 Sie sollten daher sicherstellen, dass Sie sie sorgf\u00e4ltig lesen, bevor Sie die Anwendung nutzen. Es ist Ihnen nicht gestattet, die Anwendung, einen Teil der Anwendung oder unsere Markenzeichen in irgendeiner Weise zu kopieren oder zu modifizieren. Es ist Ihnen nicht erlaubt, zu versuchen, den Quellcode der Anwendung zu extrahieren, und Sie sollten auch nicht versuchen, die Anwendung in andere Sprachen zu \u00fcbersetzen oder abgeleitete Versionen zu erstellen. Die Anwendung selbst sowie alle damit verbundenen Markenzeichen, Urheberrechte, Datenbankrechte und anderen geistigen Eigentumsrechte geh\u00f6ren weiterhin Hyperday MB.   <\/p>\n\n<p>Hyperday MB ist bestrebt, sicherzustellen, dass die Anwendung so n\u00fctzlich und effizient wie m\u00f6glich ist. Aus diesem Grund behalten wir uns das Recht vor, jederzeit und aus beliebigem Grund \u00c4nderungen an der Anwendung vorzunehmen oder f\u00fcr ihre Dienste Geb\u00fchren zu erheben. Wir werden Ihnen niemals Geb\u00fchren f\u00fcr die Anwendung oder ihre Dienste in Rechnung stellen, ohne Ihnen genau zu erkl\u00e4ren, wof\u00fcr Sie bezahlen.  <\/p>\n\n<p>Die Watch Faces  Widgets-Anwendung speichert und verarbeitet personenbezogene Daten, die Sie uns zur Verf\u00fcgung gestellt haben, um unseren Dienst bereitzustellen. Es liegt in Ihrer Verantwortung, Ihr Telefon und den Zugang zur Anwendung zu sichern. Wir empfehlen Ihnen daher, Ihr Telefon nicht zu jailbreaken oder zu rooten, was dem Prozess entspricht, Softwarebeschr\u00e4nkungen und -limitierungen zu entfernen, die vom offiziellen Betriebssystem Ihres Ger\u00e4ts auferlegt wurden. Dies k\u00f6nnte Ihr Telefon anf\u00e4llig f\u00fcr Malware\/Viren\/b\u00f6sartige Programme machen, die Sicherheitsfunktionen Ihres Telefons beeintr\u00e4chtigen und dazu f\u00fchren, dass die Watch Faces  Widgets-Anwendung nicht ordnungsgem\u00e4\u00df oder \u00fcberhaupt nicht funktioniert.   <\/p>\n\n<p>Die Anwendung nutzt Dienste von Drittanbietern, die ihre eigenen Allgemeinen Gesch\u00e4ftsbedingungen deklarieren.<\/p>\n\n<p>Links zu den Allgemeinen Gesch\u00e4ftsbedingungen von Drittanbietern, die von der Anwendung genutzt werden:<\/p>\n\n<ul class=\"wp-block-list\">\n<li><a href=\"https:\/\/policies.google.com\/terms\" target=\"_blank\" rel=\"noreferrer noopener\">Google Play Services<\/a><\/li>\n\n\n\n<li><a href=\"https:\/\/firebase.google.com\/terms\/analytics\" target=\"_blank\" rel=\"noreferrer noopener\">Google Analytics for Firebase<\/a><\/li>\n\n\n\n<li><a href=\"https:\/\/firebase.google.com\/terms\/crashlytics\" target=\"_blank\" rel=\"noreferrer noopener\">Firebase Crashlytics<\/a><\/li>\n\n\n\n<li><a href=\"https:\/\/www.revenuecat.com\/terms\" target=\"_blank\" rel=\"noreferrer noopener\">RevenueCat<\/a><\/li>\n<\/ul>\n\n<p>Sie sollten sich bewusst sein, dass es bestimmte Dinge gibt, f\u00fcr die Hyperday MB keine Verantwortung \u00fcbernehmen wird. Bestimmte Funktionen der Anwendung erfordern eine aktive Internetverbindung. Die Verbindung kann \u00fcber WLAN oder Ihren Mobilfunkanbieter hergestellt werden, aber Hyperday MB kann keine Verantwortung daf\u00fcr \u00fcbernehmen, dass die Anwendung nicht vollst\u00e4ndig funktioniert, wenn Sie keinen Zugang zu WLAN haben und Ihr Datenvolumen aufgebraucht ist.  <\/p>\n\n<p>Wenn Sie die Anwendung au\u00dferhalb eines Bereichs mit WLAN nutzen, sollten Sie bedenken, dass die Bedingungen der Vereinbarung mit Ihrem Mobilfunkanbieter weiterhin gelten. Infolgedessen k\u00f6nnen Ihnen von Ihrem Mobilfunkanbieter Kosten f\u00fcr die Datennutzung w\u00e4hrend der Verbindung beim Zugriff auf die Anwendung oder andere Geb\u00fchren von Drittanbietern in Rechnung gestellt werden. Durch die Nutzung der Anwendung \u00fcbernehmen Sie die Verantwortung f\u00fcr solche Geb\u00fchren, einschlie\u00dflich Roaming-Geb\u00fchren, wenn Sie die Anwendung au\u00dferhalb Ihres Heimatgebiets (d.h. Region oder Land) nutzen, ohne das Daten-Roaming zu deaktivieren. Wenn Sie nicht der Rechnungsempf\u00e4nger f\u00fcr das Ger\u00e4t sind, auf dem Sie die Anwendung nutzen, gehen wir davon aus, dass Sie die Erlaubnis des Rechnungsempf\u00e4ngers f\u00fcr die Nutzung der Anwendung erhalten haben.   <\/p>\n\n<p>In \u00e4hnlicher Weise kann Hyperday MB nicht immer die Verantwortung f\u00fcr die Art und Weise \u00fcbernehmen, wie Sie die Anwendung nutzen. Sie m\u00fcssen sicherstellen, dass Ihr Ger\u00e4t aufgeladen bleibt \u2013 wenn der Akku leer ist und Sie es nicht einschalten k\u00f6nnen, um den Dienst zu nutzen, kann Hyperday MB keine Verantwortung \u00fcbernehmen. <\/p>\n\n<p>In Bezug auf die Verantwortung von Hyperday MB f\u00fcr Ihre Nutzung der Anwendung ist es wichtig zu beachten, dass wir, obwohl wir uns bem\u00fchen, sicherzustellen, dass sie jederzeit aktualisiert und korrekt ist, auf Dritte angewiesen sind, die uns Informationen zur Verf\u00fcgung stellen, damit wir sie Ihnen zug\u00e4nglich machen k\u00f6nnen. Hyperday MB \u00fcbernimmt keine Haftung f\u00fcr Verluste, direkt oder indirekt, die Sie infolge des vollst\u00e4ndigen Vertrauens auf diese Funktionalit\u00e4t der Anwendung erleiden. <\/p>\n\n<p>Es ist m\u00f6glich, dass wir die Applikation gelegentlich aktualisieren. Die Applikation ist gegenw\u00e4rtig f\u00fcr iOS verf\u00fcgbar \u2013 die Systemanforderungen (und jene f\u00fcr etwaige zus\u00e4tzliche Systeme, auf die wir die Verf\u00fcgbarkeit der Applikation erweitern k\u00f6nnten) k\u00f6nnen sich \u00e4ndern, und Sie werden die Aktualisierungen herunterladen m\u00fcssen, wenn Sie die Applikation weiterhin nutzen m\u00f6chten. Hyperday MB gibt keine Zusicherung, dass die Applikation stets aktualisiert wird, um f\u00fcr Sie relevant zu bleiben und\/oder mit der iOS-Version kompatibel zu sein, die Sie auf Ihrem Ger\u00e4t installiert haben. Sie verpflichten sich jedoch, stets die Ihnen angebotenen Aktualisierungen der Applikation zu akzeptieren. Wir behalten uns zudem das Recht vor, die Bereitstellung der Applikation einzustellen und deren Nutzung jederzeit ohne vorherige Ank\u00fcndigung zu beenden. Sofern wir Ihnen nichts Gegenteiliges mitteilen, werden bei einer solchen Beendigung (a) die Ihnen in diesen Bedingungen gew\u00e4hrten Rechte und Lizenzen erl\u00f6schen; (b) Sie die Nutzung der Applikation einstellen und sie (falls erforderlich) von Ihrem Ger\u00e4t l\u00f6schen m\u00fcssen.       <\/p>\n\n<p><strong>\u00c4nderungen dieser Gesch\u00e4ftsbedingungen<\/strong><\/p>\n\n<p>Wir behalten uns das Recht vor, unsere Gesch\u00e4ftsbedingungen von Zeit zu Zeit zu aktualisieren. Daher empfehlen wir Ihnen, diese Seite regelm\u00e4\u00dfig auf etwaige \u00c4nderungen zu \u00fcberpr\u00fcfen. Wir werden Sie \u00fcber jegliche \u00c4nderungen informieren, indem wir die neuen Gesch\u00e4ftsbedingungen auf dieser Seite ver\u00f6ffentlichen.  <\/p>\n\n<p>Diese Gesch\u00e4ftsbedingungen treten am 01.04.2023 in Kraft.<\/p>\n\n<p><strong>Kontaktieren Sie uns<\/strong><\/p>\n\n<p>Sollten Sie Fragen oder Anregungen bez\u00fcglich unserer Gesch\u00e4ftsbedingungen haben, z\u00f6gern Sie bitte nicht, uns unter hello@watchfaces.co zu kontaktieren.<\/p>\n","protected":false},"excerpt":{"rendered":"<p>Durch das Herunterladen oder die Nutzung der Anwendung gelten diese Bedingungen automatisch f\u00fcr Sie \u2013 Sie sollten daher sicherstellen, dass\\xE2\\x80\\xA6<\/p>\n","protected":false},"author":2,"featured_media":0,"parent":0,"menu_order":0,"comment_status":"closed","ping_status":"closed","template":"","meta":{"_acf_changed":false,"footnotes":""},"class_list":["post-12879","page","type-page","status-publish","hentry","entry"],"acf":[],"yoast_head":"<!-- This site is optimized with the Yoast SEO Premium plugin v27.4 (Yoast SEO v27.4) - https:\/\/yoast.com\/product\/yoast-seo-premium-wordpress\/ -->\n<title>Allgemeine Gesch\u00e4ftsbedingungen | Watch Faces for Apple Watch<\/title>\n<meta name=\"description\" content=\"Lesen Sie unsere Allgemeinen Gesch\u00e4ftsbedingungen, um die Regeln f\u00fcr die Nutzung unserer Watch Faces Widgets-Anwendung, Ihre Rechte, Pflichten und Einschr\u00e4nkungen als Nutzer zu verstehen.\" \/>\n<meta name=\"robots\" content=\"noindex, nofollow\" \/>\n<meta property=\"og:locale\" content=\"de_DE\" \/>\n<meta property=\"og:type\" content=\"article\" \/>\n<meta property=\"og:title\" content=\"Allgemeine Gesch\u00e4ftsbedingungen\" \/>\n<meta property=\"og:description\" content=\"Explore our collection of stunning Apple Watch faces. Find the perfect watch face to customize your Apple Watch style and personality.\" \/>\n<meta property=\"og:url\" content=\"https:\/\/watchfaces.co\/de\/allgemeine-geschaeftsbedingungen\/\" \/>\n<meta property=\"og:site_name\" content=\"Watch Faces for Apple Watch\" \/>\n<meta property=\"article:publisher\" content=\"https:\/\/www.facebook.com\/profile.php?id=100093633757293\" \/>\n<meta property=\"article:modified_time\" content=\"2025-03-14T16:14:45+00:00\" \/>\n<meta property=\"og:image\" content=\"https:\/\/watchfaces.co\/wp-content\/uploads\/2023\/01\/apple-watch-faces-1.png\" \/>\n\t<meta property=\"og:image:width\" content=\"1200\" \/>\n\t<meta property=\"og:image:height\" content=\"675\" \/>\n\t<meta property=\"og:image:type\" content=\"image\/png\" \/>\n<meta name=\"twitter:card\" content=\"summary_large_image\" \/>\n<meta name=\"twitter:site\" content=\"@watchfacesapp\" \/>\n<meta name=\"twitter:label1\" content=\"Gesch\u00e4tzte Lesezeit\" \/>\n\t<meta name=\"twitter:data1\" content=\"4\u00a0Minuten\" \/>\n<script type=\"application\/ld+json\" class=\"yoast-schema-graph\">{\"@context\":\"https:\\\/\\\/schema.org\",\"@graph\":[{\"@type\":\"WebPage\",\"@id\":\"https:\\\/\\\/watchfaces.co\\\/de\\\/allgemeine-geschaeftsbedingungen\\\/\",\"url\":\"https:\\\/\\\/watchfaces.co\\\/de\\\/allgemeine-geschaeftsbedingungen\\\/\",\"name\":\"Allgemeine Gesch\u00e4ftsbedingungen | Watch Faces for Apple Watch\",\"isPartOf\":{\"@id\":\"https:\\\/\\\/watchfaces.co\\\/de\\\/#website\"},\"datePublished\":\"2023-04-01T21:10:40+00:00\",\"dateModified\":\"2025-03-14T16:14:45+00:00\",\"description\":\"Lesen Sie unsere Allgemeinen Gesch\u00e4ftsbedingungen, um die Regeln f\u00fcr die Nutzung unserer Watch Faces Widgets-Anwendung, Ihre Rechte, Pflichten und Einschr\u00e4nkungen als Nutzer zu verstehen.\",\"breadcrumb\":{\"@id\":\"https:\\\/\\\/watchfaces.co\\\/de\\\/allgemeine-geschaeftsbedingungen\\\/#breadcrumb\"},\"inLanguage\":\"de\",\"potentialAction\":[{\"@type\":\"ReadAction\",\"target\":[\"https:\\\/\\\/watchfaces.co\\\/de\\\/allgemeine-geschaeftsbedingungen\\\/\"]}]},{\"@type\":\"BreadcrumbList\",\"@id\":\"https:\\\/\\\/watchfaces.co\\\/de\\\/allgemeine-geschaeftsbedingungen\\\/#breadcrumb\",\"itemListElement\":[{\"@type\":\"ListItem\",\"position\":1,\"name\":\"Home\",\"item\":\"https:\\\/\\\/watchfaces.co\\\/de\\\/startseite\\\/\"},{\"@type\":\"ListItem\",\"position\":2,\"name\":\"Allgemeine Gesch\u00e4ftsbedingungen\"}]},{\"@type\":\"WebSite\",\"@id\":\"https:\\\/\\\/watchfaces.co\\\/de\\\/#website\",\"url\":\"https:\\\/\\\/watchfaces.co\\\/de\\\/\",\"name\":\"Apple Watch Faces\u231a\ufe0f\",\"description\":\"Designed for You \ud83d\udd25\",\"publisher\":{\"@id\":\"https:\\\/\\\/watchfaces.co\\\/de\\\/#organization\"},\"alternateName\":\"Watchfaces.co\",\"potentialAction\":[{\"@type\":\"SearchAction\",\"target\":{\"@type\":\"EntryPoint\",\"urlTemplate\":\"https:\\\/\\\/watchfaces.co\\\/de\\\/?s={search_term_string}\"},\"query-input\":{\"@type\":\"PropertyValueSpecification\",\"valueRequired\":true,\"valueName\":\"search_term_string\"}}],\"inLanguage\":\"de\"},{\"@type\":\"Organization\",\"@id\":\"https:\\\/\\\/watchfaces.co\\\/de\\\/#organization\",\"name\":\"Watch Faces\",\"alternateName\":\"Watchfaces.co\",\"url\":\"https:\\\/\\\/watchfaces.co\\\/de\\\/\",\"logo\":{\"@type\":\"ImageObject\",\"inLanguage\":\"de\",\"@id\":\"https:\\\/\\\/watchfaces.co\\\/de\\\/#\\\/schema\\\/logo\\\/image\\\/\",\"url\":\"https:\\\/\\\/watchfaces.co\\\/wp-content\\\/uploads\\\/2023\\\/01\\\/logo.png\",\"contentUrl\":\"https:\\\/\\\/watchfaces.co\\\/wp-content\\\/uploads\\\/2023\\\/01\\\/logo.png\",\"width\":380,\"height\":76,\"caption\":\"Watch Faces\"},\"image\":{\"@id\":\"https:\\\/\\\/watchfaces.co\\\/de\\\/#\\\/schema\\\/logo\\\/image\\\/\"},\"sameAs\":[\"https:\\\/\\\/www.facebook.com\\\/profile.php?id=100093633757293\",\"https:\\\/\\\/x.com\\\/watchfacesapp\",\"https:\\\/\\\/apps.apple.com\\\/us\\\/app\\\/watch-faces-widgets\\\/id1617064080\"],\"contactPoint\":{\"@type\":\"ContactPoint\",\"contactType\":\"customer support\",\"url\":\"https:\\\/\\\/watchfaces.co\\\/contact\\\/\",\"availableLanguage\":\"English\"},\"description\":\"Watch Faces is the ultimate app for Apple Watch faces, offering a wide selection of customizable and exclusive designs. Easily preview and install watch faces to match your style, including live and dynamic options. Designed for all Apple Watch models, the app lets you personalize your watch with stunning faces and unique complications, enhancing your Apple Watch experience.\"}]}<\/script>\n<!-- \/ Yoast SEO Premium plugin. -->","yoast_head_json":{"title":"Allgemeine Gesch\u00e4ftsbedingungen | Watch Faces for Apple Watch","description":"Lesen Sie unsere Allgemeinen Gesch\u00e4ftsbedingungen, um die Regeln f\u00fcr die Nutzung unserer Watch Faces Widgets-Anwendung, Ihre Rechte, Pflichten und Einschr\u00e4nkungen als Nutzer zu verstehen.","robots":{"index":"noindex","follow":"nofollow"},"og_locale":"de_DE","og_type":"article","og_title":"Allgemeine Gesch\u00e4ftsbedingungen","og_description":"Explore our collection of stunning Apple Watch faces. Find the perfect watch face to customize your Apple Watch style and personality.","og_url":"https:\/\/watchfaces.co\/de\/allgemeine-geschaeftsbedingungen\/","og_site_name":"Watch Faces for Apple Watch","article_publisher":"https:\/\/www.facebook.com\/profile.php?id=100093633757293","article_modified_time":"2025-03-14T16:14:45+00:00","og_image":[{"width":1200,"height":675,"url":"https:\/\/watchfaces.co\/wp-content\/uploads\/2023\/01\/apple-watch-faces-1.png","type":"image\/png"}],"twitter_card":"summary_large_image","twitter_site":"@watchfacesapp","twitter_misc":{"Gesch\u00e4tzte Lesezeit":"4\u00a0Minuten"},"schema":{"@context":"https:\/\/schema.org","@graph":[{"@type":"WebPage","@id":"https:\/\/watchfaces.co\/de\/allgemeine-geschaeftsbedingungen\/","url":"https:\/\/watchfaces.co\/de\/allgemeine-geschaeftsbedingungen\/","name":"Allgemeine Gesch\u00e4ftsbedingungen | Watch Faces for Apple Watch","isPartOf":{"@id":"https:\/\/watchfaces.co\/de\/#website"},"datePublished":"2023-04-01T21:10:40+00:00","dateModified":"2025-03-14T16:14:45+00:00","description":"Lesen Sie unsere Allgemeinen Gesch\u00e4ftsbedingungen, um die Regeln f\u00fcr die Nutzung unserer Watch Faces Widgets-Anwendung, Ihre Rechte, Pflichten und Einschr\u00e4nkungen als Nutzer zu verstehen.","breadcrumb":{"@id":"https:\/\/watchfaces.co\/de\/allgemeine-geschaeftsbedingungen\/#breadcrumb"},"inLanguage":"de","potentialAction":[{"@type":"ReadAction","target":["https:\/\/watchfaces.co\/de\/allgemeine-geschaeftsbedingungen\/"]}]},{"@type":"BreadcrumbList","@id":"https:\/\/watchfaces.co\/de\/allgemeine-geschaeftsbedingungen\/#breadcrumb","itemListElement":[{"@type":"ListItem","position":1,"name":"Home","item":"https:\/\/watchfaces.co\/de\/startseite\/"},{"@type":"ListItem","position":2,"name":"Allgemeine Gesch\u00e4ftsbedingungen"}]},{"@type":"WebSite","@id":"https:\/\/watchfaces.co\/de\/#website","url":"https:\/\/watchfaces.co\/de\/","name":"Apple Watch Faces\u231a\ufe0f","description":"Designed for You \ud83d\udd25","publisher":{"@id":"https:\/\/watchfaces.co\/de\/#organization"},"alternateName":"Watchfaces.co","potentialAction":[{"@type":"SearchAction","target":{"@type":"EntryPoint","urlTemplate":"https:\/\/watchfaces.co\/de\/?s={search_term_string}"},"query-input":{"@type":"PropertyValueSpecification","valueRequired":true,"valueName":"search_term_string"}}],"inLanguage":"de"},{"@type":"Organization","@id":"https:\/\/watchfaces.co\/de\/#organization","name":"Watch Faces","alternateName":"Watchfaces.co","url":"https:\/\/watchfaces.co\/de\/","logo":{"@type":"ImageObject","inLanguage":"de","@id":"https:\/\/watchfaces.co\/de\/#\/schema\/logo\/image\/","url":"https:\/\/watchfaces.co\/wp-content\/uploads\/2023\/01\/logo.png","contentUrl":"https:\/\/watchfaces.co\/wp-content\/uploads\/2023\/01\/logo.png","width":380,"height":76,"caption":"Watch Faces"},"image":{"@id":"https:\/\/watchfaces.co\/de\/#\/schema\/logo\/image\/"},"sameAs":["https:\/\/www.facebook.com\/profile.php?id=100093633757293","https:\/\/x.com\/watchfacesapp","https:\/\/apps.apple.com\/us\/app\/watch-faces-widgets\/id1617064080"],"contactPoint":{"@type":"ContactPoint","contactType":"customer support","url":"https:\/\/watchfaces.co\/contact\/","availableLanguage":"English"},"description":"Watch Faces is the ultimate app for Apple Watch faces, offering a wide selection of customizable and exclusive designs. Easily preview and install watch faces to match your style, including live and dynamic options. Designed for all Apple Watch models, the app lets you personalize your watch with stunning faces and unique complications, enhancing your Apple Watch experience."}]}},"_links":{"self":[{"href":"https:\/\/watchfaces.co\/de\/wp-json\/wp\/v2\/pages\/12879","targetHints":{"allow":["GET"]}}],"collection":[{"href":"https:\/\/watchfaces.co\/de\/wp-json\/wp\/v2\/pages"}],"about":[{"href":"https:\/\/watchfaces.co\/de\/wp-json\/wp\/v2\/types\/page"}],"author":[{"embeddable":true,"href":"https:\/\/watchfaces.co\/de\/wp-json\/wp\/v2\/users\/2"}],"replies":[{"embeddable":true,"href":"https:\/\/watchfaces.co\/de\/wp-json\/wp\/v2\/comments?post=12879"}],"version-history":[{"count":0,"href":"https:\/\/watchfaces.co\/de\/wp-json\/wp\/v2\/pages\/12879\/revisions"}],"wp:attachment":[{"href":"https:\/\/watchfaces.co\/de\/wp-json\/wp\/v2\/media?parent=12879"}],"curies":[{"name":"wp","href":"https:\/\/api.w.org\/{rel}","templated":true}]}}