{"id":12773,"date":"2023-04-01T20:54:16","date_gmt":"2023-04-01T20:54:16","guid":{"rendered":"https:\/\/watchfaces.co\/datenschutzerklaerung\/"},"modified":"2026-03-01T13:56:37","modified_gmt":"2026-03-01T13:56:37","slug":"datenschutzerklaerung","status":"publish","type":"page","link":"https:\/\/watchfaces.co\/de\/datenschutzerklaerung\/","title":{"rendered":"Datenschutzerkl\u00e4rung"},"content":{"rendered":"\n<p>Hyperday MB hat die Watch Faces  Widgets App als Freemium-Anwendung entwickelt. Dieser DIENST wird von Hyperday MB kostenlos zur Verf\u00fcgung gestellt und ist f\u00fcr die Nutzung in der vorliegenden Form vorgesehen. <\/p>\n\n<p>Diese Seite dient dazu, Besucher \u00fcber unsere Richtlinien bez\u00fcglich der Erfassung, Verwendung und Offenlegung personenbezogener Daten zu informieren, falls sich jemand entschlie\u00dft, unseren Dienst zu nutzen.<\/p>\n\n<p>Wenn Sie sich f\u00fcr die Nutzung unseres Dienstes entscheiden, stimmen Sie der Erfassung und Verwendung von Informationen im Zusammenhang mit dieser Richtlinie zu. Die von uns erfassten personenbezogenen Daten werden f\u00fcr die Bereitstellung und Verbesserung des Dienstes verwendet. Wir werden Ihre Informationen nicht verwenden oder mit anderen teilen, au\u00dfer wie in dieser Datenschutzrichtlinie beschrieben.  <\/p>\n\n<p>Die in dieser Datenschutzrichtlinie verwendeten Begriffe haben die gleiche Bedeutung wie in unseren Allgemeinen Gesch\u00e4ftsbedingungen, die bei Watch Faces  Widgets einsehbar sind, sofern in dieser Datenschutzrichtlinie nicht anders definiert.<\/p>\n\n<p><strong>Erfassung und Verwendung von Informationen<\/strong><\/p>\n\n<p>F\u00fcr ein besseres Nutzungserlebnis w\u00e4hrend der Verwendung unseres Dienstes k\u00f6nnen wir Sie auffordern, uns bestimmte personenbezogene Daten zur Verf\u00fcgung zu stellen. Die von uns angeforderten Informationen werden von uns gespeichert und wie in dieser Datenschutzrichtlinie beschrieben verwendet. <\/p>\n\n<p>Die App nutzt Dienste von Drittanbietern, die Informationen erfassen k\u00f6nnen, mit denen Sie identifiziert werden k\u00f6nnen.<\/p>\n\n<p>Link zu den Datenschutzrichtlinien der von der App verwendeten Drittanbieter<\/p>\n\n<ul class=\"wp-block-list\">\n<li><a href=\"https:\/\/www.google.com\/policies\/privacy\/\" target=\"_blank\" rel=\"noreferrer noopener\">Google Play Services<\/a><\/li>\n\n\n\n<li><a href=\"https:\/\/firebase.google.com\/policies\/analytics\" target=\"_blank\" rel=\"noreferrer noopener\">Google Analytics for Firebase<\/a><\/li>\n\n\n\n<li><a href=\"https:\/\/firebase.google.com\/support\/privacy\/\" target=\"_blank\" rel=\"noreferrer noopener\">Firebase Crashlytics<\/a><\/li>\n\n\n\n<li><a href=\"https:\/\/www.revenuecat.com\/privacy\" target=\"_blank\" rel=\"noreferrer noopener\">RevenueCat<\/a><\/li>\n<\/ul>\n\n<p><strong>Protokolldaten<\/strong><\/p>\n\n<p>Wir m\u00f6chten Sie dar\u00fcber informieren, dass wir bei der Nutzung unseres Dienstes im Falle eines Fehlers in der App Daten und Informationen (durch Produkte von Drittanbietern) auf Ihrem Telefon erfassen, die als Protokolldaten bezeichnet werden. Diese Protokolldaten k\u00f6nnen Informationen wie die Internet-Protokoll-(\u201eIP\u201c)-Adresse Ihres Ger\u00e4ts, den Ger\u00e4tenamen, die Betriebssystemversion, die Konfiguration der App bei der Nutzung unseres Dienstes, den Zeitpunkt und das Datum Ihrer Nutzung des Dienstes sowie weitere Statistiken umfassen. <\/p>\n\n<p><strong>Cookies<\/strong><\/p>\n\n<p>Cookies sind Dateien mit einer geringen Datenmenge, die h\u00e4ufig als anonyme eindeutige Identifikatoren verwendet werden. Diese werden von den von Ihnen besuchten Websites an Ihren Browser gesendet und im internen Speicher Ihres Ger\u00e4ts gespeichert. <\/p>\n\n<p>Dieser Dienst verwendet diese \u201eCookies\u201c nicht explizit. Die App kann jedoch Code und Bibliotheken von Drittanbietern verwenden, die \u201eCookies\u201c zur Erfassung von Informationen und zur Verbesserung ihrer Dienste nutzen. Sie haben die M\u00f6glichkeit, diese Cookies entweder zu akzeptieren oder abzulehnen und zu erfahren, wann ein Cookie an Ihr Ger\u00e4t gesendet wird. Wenn Sie unsere Cookies ablehnen, k\u00f6nnen Sie m\u00f6glicherweise einige Teile dieses Dienstes nicht nutzen.   <\/p>\n\n<p><strong>Dienstleister<\/strong><\/p>\n\n<p>Wir k\u00f6nnen aus folgenden Gr\u00fcnden Drittunternehmen und Einzelpersonen besch\u00e4ftigen:<\/p>\n\n<ul class=\"wp-block-list\">\n<li>Um unseren Dienst zu erleichtern;<\/li>\n\n\n\n<li>Um den Dienst in unserem Namen bereitzustellen;<\/li>\n\n\n\n<li>Um dienstbezogene Leistungen zu erbringen; oder<\/li>\n\n\n\n<li>Um uns bei der Analyse der Nutzung unseres Dienstes zu unterst\u00fctzen.<\/li>\n<\/ul>\n\n<p>Wir m\u00f6chten die Nutzer dieses Dienstes dar\u00fcber informieren, dass diese Dritten Zugang zu ihren personenbezogenen Daten haben. Der Grund daf\u00fcr ist die Ausf\u00fchrung der ihnen von uns \u00fcbertragenen Aufgaben. Sie sind jedoch verpflichtet, die Informationen nicht f\u00fcr andere Zwecke offenzulegen oder zu verwenden.  <\/p>\n\n<p><strong>Sicherheit<\/strong><\/p>\n\n<p>Wir sch\u00e4tzen Ihr Vertrauen, dass Sie uns Ihre personenbezogenen Daten zur Verf\u00fcgung stellen, und bem\u00fchen uns daher, kommerziell akzeptable Mittel zu deren Schutz einzusetzen. Bedenken Sie jedoch, dass keine Methode der \u00dcbertragung \u00fcber das Internet oder der elektronischen Speicherung 100% sicher und zuverl\u00e4ssig ist, und wir k\u00f6nnen deren absolute Sicherheit nicht garantieren. <\/p>\n\n<p><strong>Links zu anderen Websites<\/strong><\/p>\n\n<p>Dieser Dienst kann Links zu anderen Websites enthalten. Wenn Sie auf einen Link eines Drittanbieters klicken, werden Sie zu dieser Website weitergeleitet. Beachten Sie, dass diese externen Websites nicht von uns betrieben werden. Daher empfehlen wir Ihnen dringend, die Datenschutzrichtlinien dieser Websites zu \u00fcberpr\u00fcfen. Wir haben keine Kontrolle \u00fcber und \u00fcbernehmen keine Verantwortung f\u00fcr den Inhalt, die Datenschutzrichtlinien oder die Praktiken von Websites oder Diensten Dritter.    <\/p>\n\n<p><strong>Datenschutz f\u00fcr Kinder<\/strong><\/p>\n\n<p>Diese Dienstleistungen richten sich nicht an Personen unter 13 Jahren. Wir erheben wissentlich keine personenbezogenen Daten von Kindern unter 13 Jahren. Sollten wir feststellen, dass ein Kind unter 13 Jahren uns personenbezogene Informationen zur Verf\u00fcgung gestellt hat, l\u00f6schen wir diese umgehend von unseren Servern. Wenn Sie als Elternteil oder Erziehungsberechtigter Kenntnis davon erlangen, dass Ihr Kind uns personenbezogene Informationen \u00fcbermittelt hat, bitten wir Sie, uns zu kontaktieren, damit wir die erforderlichen Ma\u00dfnahmen ergreifen k\u00f6nnen.   <\/p>\n\n<p><strong>Datenspeicherung<\/strong><\/p>\n\n<p>Wir werden Ihre personenbezogenen Daten so lange aufbewahren, wie es f\u00fcr die Erbringung der Dienstleistung und f\u00fcr die in dieser Datenschutzerkl\u00e4rung dargelegten Zwecke erforderlich ist, oder bis Sie die L\u00f6schung Ihrer personenbezogenen Daten beantragen.<\/p>\n\n<p><strong>\u00c4nderungen dieser Datenschutzerkl\u00e4rung<\/strong><\/p>\n\n<p>Wir behalten uns vor, unsere Datenschutzerkl\u00e4rung von Zeit zu Zeit zu aktualisieren. Daher empfehlen wir Ihnen, diese Seite regelm\u00e4\u00dfig auf etwaige \u00c4nderungen zu \u00fcberpr\u00fcfen. Wir werden Sie \u00fcber jegliche \u00c4nderungen informieren, indem wir die neue Datenschutzerkl\u00e4rung auf dieser Seite ver\u00f6ffentlichen.  <\/p>\n\n<p>Diese Richtlinie tritt am 01.04.2023 in Kraft<\/p>\n\n<p><strong>Kontaktieren Sie uns<\/strong><\/p>\n\n<p>Sollten Sie Fragen oder Anregungen zu unserer Datenschutzerkl\u00e4rung haben, z\u00f6gern Sie bitte nicht, uns unter hello@watchfaces.co zu kontaktieren.<\/p>\n","protected":false},"excerpt":{"rendered":"<p>Hyperday MB hat die Watch Faces Widgets App als Freemium-Anwendung entwickelt.<\/p>\n","protected":false},"author":2,"featured_media":0,"parent":0,"menu_order":0,"comment_status":"closed","ping_status":"closed","template":"","meta":{"_acf_changed":false,"footnotes":""},"class_list":["post-12773","page","type-page","status-publish","hentry","entry"],"acf":[],"yoast_head":"<!-- This site is optimized with the Yoast SEO Premium plugin v27.3 (Yoast SEO v27.4) - https:\/\/yoast.com\/product\/yoast-seo-premium-wordpress\/ -->\n<title>Datenschutzerkl\u00e4rung | Watch Faces for Apple Watch<\/title>\n<meta name=\"description\" content=\"Diese Seite dient dazu, Besucher \u00fcber unsere Richtlinien bez\u00fcglich der Erfassung, Verwendung und Offenlegung personenbezogener Daten zu informieren, falls sich jemand entschlie\u00dft, unseren Dienst zu nutzen.\" \/>\n<meta name=\"robots\" content=\"noindex, nofollow\" \/>\n<meta property=\"og:locale\" content=\"de_DE\" \/>\n<meta property=\"og:type\" content=\"article\" \/>\n<meta property=\"og:title\" content=\"Datenschutzerkl\u00e4rung\" \/>\n<meta property=\"og:description\" content=\"Explore our collection of stunning Apple Watch faces. Find the perfect watch face to customize your Apple Watch style and personality.\" \/>\n<meta property=\"og:url\" content=\"https:\/\/watchfaces.co\/de\/datenschutzerklaerung\/\" \/>\n<meta property=\"og:site_name\" content=\"Watch Faces for Apple Watch\" \/>\n<meta property=\"article:publisher\" content=\"https:\/\/www.facebook.com\/profile.php?id=100093633757293\" \/>\n<meta property=\"article:modified_time\" content=\"2026-03-01T13:56:37+00:00\" \/>\n<meta property=\"og:image\" content=\"https:\/\/watchfaces.co\/wp-content\/uploads\/2023\/01\/apple-watch-faces-1.png\" \/>\n\t<meta property=\"og:image:width\" content=\"1200\" \/>\n\t<meta property=\"og:image:height\" content=\"675\" \/>\n\t<meta property=\"og:image:type\" content=\"image\/png\" \/>\n<meta name=\"twitter:card\" content=\"summary_large_image\" \/>\n<meta name=\"twitter:site\" content=\"@watchfacesapp\" \/>\n<meta name=\"twitter:label1\" content=\"Gesch\u00e4tzte Lesezeit\" \/>\n\t<meta name=\"twitter:data1\" content=\"4\u00a0Minuten\" \/>\n<script type=\"application\/ld+json\" class=\"yoast-schema-graph\">{\"@context\":\"https:\\\/\\\/schema.org\",\"@graph\":[{\"@type\":\"WebPage\",\"@id\":\"https:\\\/\\\/watchfaces.co\\\/de\\\/datenschutzerklaerung\\\/\",\"url\":\"https:\\\/\\\/watchfaces.co\\\/de\\\/datenschutzerklaerung\\\/\",\"name\":\"Datenschutzerkl\u00e4rung | Watch Faces for Apple Watch\",\"isPartOf\":{\"@id\":\"https:\\\/\\\/watchfaces.co\\\/de\\\/#website\"},\"datePublished\":\"2023-04-01T20:54:16+00:00\",\"dateModified\":\"2026-03-01T13:56:37+00:00\",\"description\":\"Diese Seite dient dazu, Besucher \u00fcber unsere Richtlinien bez\u00fcglich der Erfassung, Verwendung und Offenlegung personenbezogener Daten zu informieren, falls sich jemand entschlie\u00dft, unseren Dienst zu nutzen.\",\"breadcrumb\":{\"@id\":\"https:\\\/\\\/watchfaces.co\\\/de\\\/datenschutzerklaerung\\\/#breadcrumb\"},\"inLanguage\":\"de\",\"potentialAction\":[{\"@type\":\"ReadAction\",\"target\":[\"https:\\\/\\\/watchfaces.co\\\/de\\\/datenschutzerklaerung\\\/\"]}]},{\"@type\":\"BreadcrumbList\",\"@id\":\"https:\\\/\\\/watchfaces.co\\\/de\\\/datenschutzerklaerung\\\/#breadcrumb\",\"itemListElement\":[{\"@type\":\"ListItem\",\"position\":1,\"name\":\"Home\",\"item\":\"https:\\\/\\\/watchfaces.co\\\/de\\\/startseite\\\/\"},{\"@type\":\"ListItem\",\"position\":2,\"name\":\"Datenschutzerkl\u00e4rung\"}]},{\"@type\":\"WebSite\",\"@id\":\"https:\\\/\\\/watchfaces.co\\\/de\\\/#website\",\"url\":\"https:\\\/\\\/watchfaces.co\\\/de\\\/\",\"name\":\"Apple Watch Faces\u231a\ufe0f\",\"description\":\"Designed for You \ud83d\udd25\",\"publisher\":{\"@id\":\"https:\\\/\\\/watchfaces.co\\\/de\\\/#organization\"},\"alternateName\":\"Watchfaces.co\",\"potentialAction\":[{\"@type\":\"SearchAction\",\"target\":{\"@type\":\"EntryPoint\",\"urlTemplate\":\"https:\\\/\\\/watchfaces.co\\\/de\\\/?s={search_term_string}\"},\"query-input\":{\"@type\":\"PropertyValueSpecification\",\"valueRequired\":true,\"valueName\":\"search_term_string\"}}],\"inLanguage\":\"de\"},{\"@type\":\"Organization\",\"@id\":\"https:\\\/\\\/watchfaces.co\\\/de\\\/#organization\",\"name\":\"Watch Faces\",\"alternateName\":\"Watchfaces.co\",\"url\":\"https:\\\/\\\/watchfaces.co\\\/de\\\/\",\"logo\":{\"@type\":\"ImageObject\",\"inLanguage\":\"de\",\"@id\":\"https:\\\/\\\/watchfaces.co\\\/de\\\/#\\\/schema\\\/logo\\\/image\\\/\",\"url\":\"https:\\\/\\\/watchfaces.co\\\/wp-content\\\/uploads\\\/2023\\\/01\\\/logo.png\",\"contentUrl\":\"https:\\\/\\\/watchfaces.co\\\/wp-content\\\/uploads\\\/2023\\\/01\\\/logo.png\",\"width\":380,\"height\":76,\"caption\":\"Watch Faces\"},\"image\":{\"@id\":\"https:\\\/\\\/watchfaces.co\\\/de\\\/#\\\/schema\\\/logo\\\/image\\\/\"},\"sameAs\":[\"https:\\\/\\\/www.facebook.com\\\/profile.php?id=100093633757293\",\"https:\\\/\\\/x.com\\\/watchfacesapp\",\"https:\\\/\\\/apps.apple.com\\\/us\\\/app\\\/watch-faces-widgets\\\/id1617064080\"],\"contactPoint\":{\"@type\":\"ContactPoint\",\"contactType\":\"customer support\",\"url\":\"https:\\\/\\\/watchfaces.co\\\/contact\\\/\",\"availableLanguage\":\"English\"},\"description\":\"Watch Faces is the ultimate app for Apple Watch faces, offering a wide selection of customizable and exclusive designs. Easily preview and install watch faces to match your style, including live and dynamic options. Designed for all Apple Watch models, the app lets you personalize your watch with stunning faces and unique complications, enhancing your Apple Watch experience.\"}]}<\/script>\n<!-- \/ Yoast SEO Premium plugin. -->","yoast_head_json":{"title":"Datenschutzerkl\u00e4rung | Watch Faces for Apple Watch","description":"Diese Seite dient dazu, Besucher \u00fcber unsere Richtlinien bez\u00fcglich der Erfassung, Verwendung und Offenlegung personenbezogener Daten zu informieren, falls sich jemand entschlie\u00dft, unseren Dienst zu nutzen.","robots":{"index":"noindex","follow":"nofollow"},"og_locale":"de_DE","og_type":"article","og_title":"Datenschutzerkl\u00e4rung","og_description":"Explore our collection of stunning Apple Watch faces. Find the perfect watch face to customize your Apple Watch style and personality.","og_url":"https:\/\/watchfaces.co\/de\/datenschutzerklaerung\/","og_site_name":"Watch Faces for Apple Watch","article_publisher":"https:\/\/www.facebook.com\/profile.php?id=100093633757293","article_modified_time":"2026-03-01T13:56:37+00:00","og_image":[{"width":1200,"height":675,"url":"https:\/\/watchfaces.co\/wp-content\/uploads\/2023\/01\/apple-watch-faces-1.png","type":"image\/png"}],"twitter_card":"summary_large_image","twitter_site":"@watchfacesapp","twitter_misc":{"Gesch\u00e4tzte Lesezeit":"4\u00a0Minuten"},"schema":{"@context":"https:\/\/schema.org","@graph":[{"@type":"WebPage","@id":"https:\/\/watchfaces.co\/de\/datenschutzerklaerung\/","url":"https:\/\/watchfaces.co\/de\/datenschutzerklaerung\/","name":"Datenschutzerkl\u00e4rung | Watch Faces for Apple Watch","isPartOf":{"@id":"https:\/\/watchfaces.co\/de\/#website"},"datePublished":"2023-04-01T20:54:16+00:00","dateModified":"2026-03-01T13:56:37+00:00","description":"Diese Seite dient dazu, Besucher \u00fcber unsere Richtlinien bez\u00fcglich der Erfassung, Verwendung und Offenlegung personenbezogener Daten zu informieren, falls sich jemand entschlie\u00dft, unseren Dienst zu nutzen.","breadcrumb":{"@id":"https:\/\/watchfaces.co\/de\/datenschutzerklaerung\/#breadcrumb"},"inLanguage":"de","potentialAction":[{"@type":"ReadAction","target":["https:\/\/watchfaces.co\/de\/datenschutzerklaerung\/"]}]},{"@type":"BreadcrumbList","@id":"https:\/\/watchfaces.co\/de\/datenschutzerklaerung\/#breadcrumb","itemListElement":[{"@type":"ListItem","position":1,"name":"Home","item":"https:\/\/watchfaces.co\/de\/startseite\/"},{"@type":"ListItem","position":2,"name":"Datenschutzerkl\u00e4rung"}]},{"@type":"WebSite","@id":"https:\/\/watchfaces.co\/de\/#website","url":"https:\/\/watchfaces.co\/de\/","name":"Apple Watch Faces\u231a\ufe0f","description":"Designed for You \ud83d\udd25","publisher":{"@id":"https:\/\/watchfaces.co\/de\/#organization"},"alternateName":"Watchfaces.co","potentialAction":[{"@type":"SearchAction","target":{"@type":"EntryPoint","urlTemplate":"https:\/\/watchfaces.co\/de\/?s={search_term_string}"},"query-input":{"@type":"PropertyValueSpecification","valueRequired":true,"valueName":"search_term_string"}}],"inLanguage":"de"},{"@type":"Organization","@id":"https:\/\/watchfaces.co\/de\/#organization","name":"Watch Faces","alternateName":"Watchfaces.co","url":"https:\/\/watchfaces.co\/de\/","logo":{"@type":"ImageObject","inLanguage":"de","@id":"https:\/\/watchfaces.co\/de\/#\/schema\/logo\/image\/","url":"https:\/\/watchfaces.co\/wp-content\/uploads\/2023\/01\/logo.png","contentUrl":"https:\/\/watchfaces.co\/wp-content\/uploads\/2023\/01\/logo.png","width":380,"height":76,"caption":"Watch Faces"},"image":{"@id":"https:\/\/watchfaces.co\/de\/#\/schema\/logo\/image\/"},"sameAs":["https:\/\/www.facebook.com\/profile.php?id=100093633757293","https:\/\/x.com\/watchfacesapp","https:\/\/apps.apple.com\/us\/app\/watch-faces-widgets\/id1617064080"],"contactPoint":{"@type":"ContactPoint","contactType":"customer support","url":"https:\/\/watchfaces.co\/contact\/","availableLanguage":"English"},"description":"Watch Faces is the ultimate app for Apple Watch faces, offering a wide selection of customizable and exclusive designs. Easily preview and install watch faces to match your style, including live and dynamic options. Designed for all Apple Watch models, the app lets you personalize your watch with stunning faces and unique complications, enhancing your Apple Watch experience."}]}},"_links":{"self":[{"href":"https:\/\/watchfaces.co\/de\/wp-json\/wp\/v2\/pages\/12773","targetHints":{"allow":["GET"]}}],"collection":[{"href":"https:\/\/watchfaces.co\/de\/wp-json\/wp\/v2\/pages"}],"about":[{"href":"https:\/\/watchfaces.co\/de\/wp-json\/wp\/v2\/types\/page"}],"author":[{"embeddable":true,"href":"https:\/\/watchfaces.co\/de\/wp-json\/wp\/v2\/users\/2"}],"replies":[{"embeddable":true,"href":"https:\/\/watchfaces.co\/de\/wp-json\/wp\/v2\/comments?post=12773"}],"version-history":[{"count":0,"href":"https:\/\/watchfaces.co\/de\/wp-json\/wp\/v2\/pages\/12773\/revisions"}],"wp:attachment":[{"href":"https:\/\/watchfaces.co\/de\/wp-json\/wp\/v2\/media?parent=12773"}],"curies":[{"name":"wp","href":"https:\/\/api.w.org\/{rel}","templated":true}]}}